{"id":1195,"date":"2025-06-26T09:03:38","date_gmt":"2025-06-26T08:03:38","guid":{"rendered":"http:\/\/www.julienpinard.com\/?page_id=1195"},"modified":"2025-08-27T09:42:39","modified_gmt":"2025-08-27T08:42:39","slug":"fav-2016","status":"publish","type":"page","link":"https:\/\/www.julienpinard.com\/?page_id=1195","title":{"rendered":"Festival des Architectures Vives 2016"},"content":{"rendered":"\n<p>En 2016, nous avons \u00e9t\u00e9 retenus pour une nouvelle \u00e9dition du FAV \u00e0 Montpellier sur le th\u00e8me \u00ab\u00a0Innover\u00a0\u00bb. Nous avons alors voulu r\u00e9interpr\u00e9ter notre installation de 2009 en inversant les mat\u00e9riaux : disposition de c\u00f4nes en caoutchouc noir sur un sol en sable.<\/p>\n\n\n\n<p style=\"line-height:1.5\">En collaboration avec Ariane Francescato, Architecte HMONP.<\/p>\n\n\n\n<figure class=\"wp-block-image size-large\"><a href=\"http:\/\/www.julienpinard.com\/wp-content\/uploads\/2016\/07\/20092016B.jpg\"><img loading=\"lazy\" decoding=\"async\" width=\"768\" height=\"1024\" src=\"http:\/\/www.julienpinard.com\/wp-content\/uploads\/2016\/07\/20092016B-768x1024.jpg\" alt=\"\" class=\"wp-image-349\" srcset=\"https:\/\/www.julienpinard.com\/wp-content\/uploads\/2016\/07\/20092016B-768x1024.jpg 768w, https:\/\/www.julienpinard.com\/wp-content\/uploads\/2016\/07\/20092016B-225x300.jpg 225w, https:\/\/www.julienpinard.com\/wp-content\/uploads\/2016\/07\/20092016B.jpg 1500w\" sizes=\"auto, (max-width: 706px) 89vw, (max-width: 767px) 82vw, 740px\" \/><\/a><\/figure>\n\n\n\n<figure class=\"wp-block-image size-large\"><a href=\"http:\/\/www.julienpinard.com\/wp-content\/uploads\/2016\/07\/IMG_2843.jpg\"><img loading=\"lazy\" decoding=\"async\" width=\"1024\" height=\"1024\" src=\"http:\/\/www.julienpinard.com\/wp-content\/uploads\/2016\/07\/IMG_2843-1024x1024.jpg\" alt=\"\" class=\"wp-image-328\" srcset=\"https:\/\/www.julienpinard.com\/wp-content\/uploads\/2016\/07\/IMG_2843-1024x1024.jpg 1024w, https:\/\/www.julienpinard.com\/wp-content\/uploads\/2016\/07\/IMG_2843-150x150.jpg 150w, https:\/\/www.julienpinard.com\/wp-content\/uploads\/2016\/07\/IMG_2843-300x300.jpg 300w, https:\/\/www.julienpinard.com\/wp-content\/uploads\/2016\/07\/IMG_2843-768x768.jpg 768w, https:\/\/www.julienpinard.com\/wp-content\/uploads\/2016\/07\/IMG_2843.jpg 1799w\" sizes=\"auto, (max-width: 706px) 89vw, (max-width: 767px) 82vw, 740px\" \/><\/a><\/figure>\n\n\n\n<figure class=\"wp-block-gallery has-nested-images columns-default is-cropped wp-block-gallery-1 is-layout-flex wp-block-gallery-is-layout-flex\">\n<figure class=\"wp-block-image size-large\"><a href=\"https:\/\/www.julienpinard.com\/wp-content\/uploads\/2016\/07\/IMG_2858.jpg\"><img loading=\"lazy\" decoding=\"async\" width=\"768\" height=\"1024\" data-id=\"327\" src=\"https:\/\/www.julienpinard.com\/wp-content\/uploads\/2016\/07\/IMG_2858-768x1024.jpg\" alt=\"\" class=\"wp-image-327\" srcset=\"https:\/\/www.julienpinard.com\/wp-content\/uploads\/2016\/07\/IMG_2858-768x1024.jpg 768w, https:\/\/www.julienpinard.com\/wp-content\/uploads\/2016\/07\/IMG_2858-225x300.jpg 225w, https:\/\/www.julienpinard.com\/wp-content\/uploads\/2016\/07\/IMG_2858.jpg 1411w\" sizes=\"auto, (max-width: 706px) 89vw, (max-width: 767px) 82vw, 740px\" \/><\/a><\/figure>\n\n\n\n<figure class=\"wp-block-image size-large\"><a href=\"https:\/\/www.julienpinard.com\/wp-content\/uploads\/2016\/07\/FAV2016_Sable_y_est-32.jpg\"><img loading=\"lazy\" decoding=\"async\" width=\"683\" height=\"1024\" data-id=\"323\" src=\"https:\/\/www.julienpinard.com\/wp-content\/uploads\/2016\/07\/FAV2016_Sable_y_est-32-683x1024.jpg\" alt=\"\" class=\"wp-image-323\" srcset=\"https:\/\/www.julienpinard.com\/wp-content\/uploads\/2016\/07\/FAV2016_Sable_y_est-32-683x1024.jpg 683w, https:\/\/www.julienpinard.com\/wp-content\/uploads\/2016\/07\/FAV2016_Sable_y_est-32-200x300.jpg 200w, https:\/\/www.julienpinard.com\/wp-content\/uploads\/2016\/07\/FAV2016_Sable_y_est-32-768x1152.jpg 768w, https:\/\/www.julienpinard.com\/wp-content\/uploads\/2016\/07\/FAV2016_Sable_y_est-32.jpg 1920w\" sizes=\"auto, (max-width: 683px) 100vw, 683px\" \/><\/a><\/figure>\n\n\n\n<figure class=\"wp-block-image size-large\"><a href=\"https:\/\/www.julienpinard.com\/wp-content\/uploads\/2016\/07\/IMG_2822.jpg\"><img loading=\"lazy\" decoding=\"async\" width=\"768\" height=\"1024\" data-id=\"325\" src=\"https:\/\/www.julienpinard.com\/wp-content\/uploads\/2016\/07\/IMG_2822-768x1024.jpg\" alt=\"\" class=\"wp-image-325\" srcset=\"https:\/\/www.julienpinard.com\/wp-content\/uploads\/2016\/07\/IMG_2822-768x1024.jpg 768w, https:\/\/www.julienpinard.com\/wp-content\/uploads\/2016\/07\/IMG_2822-225x300.jpg 225w, https:\/\/www.julienpinard.com\/wp-content\/uploads\/2016\/07\/IMG_2822.jpg 1500w\" sizes=\"auto, (max-width: 706px) 89vw, (max-width: 767px) 82vw, 740px\" \/><\/a><\/figure>\n\n\n\n<figure class=\"wp-block-image size-large\"><a href=\"https:\/\/www.julienpinard.com\/wp-content\/uploads\/2016\/07\/IMG_2815.jpg\"><img loading=\"lazy\" decoding=\"async\" width=\"1024\" height=\"768\" data-id=\"324\" src=\"https:\/\/www.julienpinard.com\/wp-content\/uploads\/2016\/07\/IMG_2815-1024x768.jpg\" alt=\"\" class=\"wp-image-324\" srcset=\"https:\/\/www.julienpinard.com\/wp-content\/uploads\/2016\/07\/IMG_2815-1024x768.jpg 1024w, https:\/\/www.julienpinard.com\/wp-content\/uploads\/2016\/07\/IMG_2815-300x225.jpg 300w, https:\/\/www.julienpinard.com\/wp-content\/uploads\/2016\/07\/IMG_2815-768x576.jpg 768w, https:\/\/www.julienpinard.com\/wp-content\/uploads\/2016\/07\/IMG_2815.jpg 2000w\" sizes=\"auto, (max-width: 706px) 89vw, (max-width: 767px) 82vw, 740px\" \/><\/a><\/figure>\n\n\n\n<figure class=\"wp-block-image size-large\"><a href=\"https:\/\/www.julienpinard.com\/wp-content\/uploads\/2016\/07\/FAV2016_Sable_y_est-28.jpg\"><img loading=\"lazy\" decoding=\"async\" width=\"683\" height=\"1024\" data-id=\"321\" src=\"https:\/\/www.julienpinard.com\/wp-content\/uploads\/2016\/07\/FAV2016_Sable_y_est-28-683x1024.jpg\" alt=\"\" class=\"wp-image-321\" srcset=\"https:\/\/www.julienpinard.com\/wp-content\/uploads\/2016\/07\/FAV2016_Sable_y_est-28-683x1024.jpg 683w, https:\/\/www.julienpinard.com\/wp-content\/uploads\/2016\/07\/FAV2016_Sable_y_est-28-200x300.jpg 200w, https:\/\/www.julienpinard.com\/wp-content\/uploads\/2016\/07\/FAV2016_Sable_y_est-28-768x1152.jpg 768w, https:\/\/www.julienpinard.com\/wp-content\/uploads\/2016\/07\/FAV2016_Sable_y_est-28.jpg 1536w\" sizes=\"auto, (max-width: 683px) 100vw, 683px\" \/><\/a><\/figure>\n<\/figure>\n","protected":false},"excerpt":{"rendered":"<p>En 2016, nous avons \u00e9t\u00e9 retenus pour une nouvelle \u00e9dition du FAV \u00e0 Montpellier sur le th\u00e8me \u00ab\u00a0Innover\u00a0\u00bb. Nous avons alors voulu r\u00e9interpr\u00e9ter notre installation de 2009 en inversant les mat\u00e9riaux : disposition de c\u00f4nes en caoutchouc noir sur un sol en sable. En collaboration avec Ariane Francescato, Architecte HMONP.<\/p>\n","protected":false},"author":1,"featured_media":0,"parent":0,"menu_order":0,"comment_status":"closed","ping_status":"closed","template":"","meta":{"footnotes":""},"class_list":["post-1195","page","type-page","status-publish","hentry"],"_links":{"self":[{"href":"https:\/\/www.julienpinard.com\/index.php?rest_route=\/wp\/v2\/pages\/1195","targetHints":{"allow":["GET"]}}],"collection":[{"href":"https:\/\/www.julienpinard.com\/index.php?rest_route=\/wp\/v2\/pages"}],"about":[{"href":"https:\/\/www.julienpinard.com\/index.php?rest_route=\/wp\/v2\/types\/page"}],"author":[{"embeddable":true,"href":"https:\/\/www.julienpinard.com\/index.php?rest_route=\/wp\/v2\/users\/1"}],"replies":[{"embeddable":true,"href":"https:\/\/www.julienpinard.com\/index.php?rest_route=%2Fwp%2Fv2%2Fcomments&post=1195"}],"version-history":[{"count":9,"href":"https:\/\/www.julienpinard.com\/index.php?rest_route=\/wp\/v2\/pages\/1195\/revisions"}],"predecessor-version":[{"id":2134,"href":"https:\/\/www.julienpinard.com\/index.php?rest_route=\/wp\/v2\/pages\/1195\/revisions\/2134"}],"wp:attachment":[{"href":"https:\/\/www.julienpinard.com\/index.php?rest_route=%2Fwp%2Fv2%2Fmedia&parent=1195"}],"curies":[{"name":"wp","href":"https:\/\/api.w.org\/{rel}","templated":true}]}}