{"id":1196,"date":"2025-06-26T09:03:38","date_gmt":"2025-06-26T08:03:38","guid":{"rendered":"http:\/\/www.julienpinard.com\/?page_id=1196"},"modified":"2025-08-27T09:33:58","modified_gmt":"2025-08-27T08:33:58","slug":"fav-2009","status":"publish","type":"page","link":"https:\/\/www.julienpinard.com\/?page_id=1196","title":{"rendered":"Festival des Architectures Vives 2009"},"content":{"rendered":"\n<p>Conception et r\u00e9alisation d&rsquo;une installation sur le th\u00e8me \u00ab\u00a0Eph\u00e9m\u00e8res curiosit\u00e9s\u00a0\u00bb : c\u00f4nes de sable sur un sol en caoutchouc noir.<\/p>\n\n\n\n<p>En collaboration avec l&rsquo;agence d&rsquo;architecture Atelier Barda.<\/p>\n\n\n\n<p>Cette installation a re\u00e7u le Prix du Public. <\/p>\n\n\n\n<figure class=\"wp-block-image size-large is-style-default\"><a href=\"http:\/\/www.julienpinard.com\/wp-content\/uploads\/2014\/10\/FAV_1.jpg\"><img loading=\"lazy\" decoding=\"async\" width=\"1200\" height=\"676\" src=\"https:\/\/www.julienpinard.com\/wp-content\/uploads\/2025\/08\/FAV_1-edited.jpg\" alt=\"\" class=\"wp-image-1990\" style=\"aspect-ratio:16\/9;object-fit:contain\" srcset=\"https:\/\/www.julienpinard.com\/wp-content\/uploads\/2025\/08\/FAV_1-edited.jpg 1200w, https:\/\/www.julienpinard.com\/wp-content\/uploads\/2025\/08\/FAV_1-edited-300x169.jpg 300w, https:\/\/www.julienpinard.com\/wp-content\/uploads\/2025\/08\/FAV_1-edited-1024x577.jpg 1024w, https:\/\/www.julienpinard.com\/wp-content\/uploads\/2025\/08\/FAV_1-edited-768x433.jpg 768w\" sizes=\"auto, (max-width: 706px) 89vw, (max-width: 767px) 82vw, 740px\" \/><\/a><\/figure>\n\n\n\n<figure class=\"wp-block-gallery has-nested-images columns-3 is-cropped wp-block-gallery-1 is-layout-flex wp-block-gallery-is-layout-flex\">\n<figure class=\"wp-block-image size-large\"><a href=\"https:\/\/www.julienpinard.com\/wp-content\/uploads\/2016\/04\/ZOOM.jpg\"><img loading=\"lazy\" decoding=\"async\" width=\"768\" height=\"1024\" data-id=\"302\" src=\"https:\/\/www.julienpinard.com\/wp-content\/uploads\/2016\/04\/ZOOM-768x1024.jpg\" alt=\"\" class=\"wp-image-302\" srcset=\"https:\/\/www.julienpinard.com\/wp-content\/uploads\/2016\/04\/ZOOM-768x1024.jpg 768w, https:\/\/www.julienpinard.com\/wp-content\/uploads\/2016\/04\/ZOOM-225x300.jpg 225w\" sizes=\"auto, (max-width: 706px) 89vw, (max-width: 767px) 82vw, 740px\" \/><\/a><\/figure>\n\n\n\n<figure class=\"wp-block-image size-large\"><a href=\"https:\/\/www.julienpinard.com\/wp-content\/uploads\/2016\/04\/cropped-NUIT.jpg\"><img loading=\"lazy\" decoding=\"async\" width=\"1024\" height=\"576\" data-id=\"473\" src=\"https:\/\/www.julienpinard.com\/wp-content\/uploads\/2016\/04\/cropped-NUIT-1024x576.jpg\" alt=\"\" class=\"wp-image-473\" srcset=\"https:\/\/www.julienpinard.com\/wp-content\/uploads\/2016\/04\/cropped-NUIT-1024x576.jpg 1024w, https:\/\/www.julienpinard.com\/wp-content\/uploads\/2016\/04\/cropped-NUIT-300x169.jpg 300w, https:\/\/www.julienpinard.com\/wp-content\/uploads\/2016\/04\/cropped-NUIT-768x432.jpg 768w, https:\/\/www.julienpinard.com\/wp-content\/uploads\/2016\/04\/cropped-NUIT.jpg 2000w\" sizes=\"auto, (max-width: 706px) 89vw, (max-width: 767px) 82vw, 740px\" \/><\/a><\/figure>\n\n\n\n<figure class=\"wp-block-image size-large\"><a href=\"https:\/\/www.julienpinard.com\/wp-content\/uploads\/2016\/04\/ZOOM_GROUPE.jpg\"><img loading=\"lazy\" decoding=\"async\" width=\"1024\" height=\"624\" data-id=\"301\" src=\"https:\/\/www.julienpinard.com\/wp-content\/uploads\/2016\/04\/ZOOM_GROUPE-1024x624.jpg\" alt=\"\" class=\"wp-image-301\" srcset=\"https:\/\/www.julienpinard.com\/wp-content\/uploads\/2016\/04\/ZOOM_GROUPE-1024x624.jpg 1024w, https:\/\/www.julienpinard.com\/wp-content\/uploads\/2016\/04\/ZOOM_GROUPE-300x182.jpg 300w, https:\/\/www.julienpinard.com\/wp-content\/uploads\/2016\/04\/ZOOM_GROUPE.jpg 2000w\" sizes=\"auto, (max-width: 706px) 89vw, (max-width: 767px) 82vw, 740px\" \/><\/a><\/figure>\n\n\n\n<figure class=\"wp-block-image size-large\"><a href=\"https:\/\/www.julienpinard.com\/wp-content\/uploads\/2016\/04\/HAUT.jpg\"><img loading=\"lazy\" decoding=\"async\" width=\"1024\" height=\"624\" data-id=\"299\" src=\"https:\/\/www.julienpinard.com\/wp-content\/uploads\/2016\/04\/HAUT-1024x624.jpg\" alt=\"\" class=\"wp-image-299\" srcset=\"https:\/\/www.julienpinard.com\/wp-content\/uploads\/2016\/04\/HAUT-1024x624.jpg 1024w, https:\/\/www.julienpinard.com\/wp-content\/uploads\/2016\/04\/HAUT-300x183.jpg 300w, https:\/\/www.julienpinard.com\/wp-content\/uploads\/2016\/04\/HAUT.jpg 2000w\" sizes=\"auto, (max-width: 706px) 89vw, (max-width: 767px) 82vw, 740px\" \/><\/a><\/figure>\n<\/figure>\n\n\n\n<figure class=\"wp-block-image size-full\"><a href=\"http:\/\/www.julienpinard.com\/wp-content\/uploads\/2025\/08\/SNB11100nb-1.jpg\"><img loading=\"lazy\" decoding=\"async\" width=\"768\" height=\"1024\" src=\"http:\/\/www.julienpinard.com\/wp-content\/uploads\/2025\/08\/SNB11100nb-1.jpg\" alt=\"\" class=\"wp-image-2070\" srcset=\"https:\/\/www.julienpinard.com\/wp-content\/uploads\/2025\/08\/SNB11100nb-1.jpg 768w, https:\/\/www.julienpinard.com\/wp-content\/uploads\/2025\/08\/SNB11100nb-1-225x300.jpg 225w\" sizes=\"auto, (max-width: 706px) 89vw, (max-width: 767px) 82vw, 740px\" \/><\/a><\/figure>\n","protected":false},"excerpt":{"rendered":"<p>Conception et r\u00e9alisation d&rsquo;une installation sur le th\u00e8me \u00ab\u00a0Eph\u00e9m\u00e8res curiosit\u00e9s\u00a0\u00bb : c\u00f4nes de sable sur un sol en caoutchouc noir. En collaboration avec l&rsquo;agence d&rsquo;architecture Atelier Barda. Cette installation a re\u00e7u le Prix du Public.<\/p>\n","protected":false},"author":1,"featured_media":0,"parent":0,"menu_order":0,"comment_status":"closed","ping_status":"closed","template":"","meta":{"footnotes":""},"class_list":["post-1196","page","type-page","status-publish","hentry"],"_links":{"self":[{"href":"https:\/\/www.julienpinard.com\/index.php?rest_route=\/wp\/v2\/pages\/1196","targetHints":{"allow":["GET"]}}],"collection":[{"href":"https:\/\/www.julienpinard.com\/index.php?rest_route=\/wp\/v2\/pages"}],"about":[{"href":"https:\/\/www.julienpinard.com\/index.php?rest_route=\/wp\/v2\/types\/page"}],"author":[{"embeddable":true,"href":"https:\/\/www.julienpinard.com\/index.php?rest_route=\/wp\/v2\/users\/1"}],"replies":[{"embeddable":true,"href":"https:\/\/www.julienpinard.com\/index.php?rest_route=%2Fwp%2Fv2%2Fcomments&post=1196"}],"version-history":[{"count":14,"href":"https:\/\/www.julienpinard.com\/index.php?rest_route=\/wp\/v2\/pages\/1196\/revisions"}],"predecessor-version":[{"id":2132,"href":"https:\/\/www.julienpinard.com\/index.php?rest_route=\/wp\/v2\/pages\/1196\/revisions\/2132"}],"wp:attachment":[{"href":"https:\/\/www.julienpinard.com\/index.php?rest_route=%2Fwp%2Fv2%2Fmedia&parent=1196"}],"curies":[{"name":"wp","href":"https:\/\/api.w.org\/{rel}","templated":true}]}}