{"id":1401,"date":"2025-06-26T11:20:35","date_gmt":"2025-06-26T10:20:35","guid":{"rendered":"http:\/\/www.julienpinard.com\/?page_id=1401"},"modified":"2025-08-27T09:16:58","modified_gmt":"2025-08-27T08:16:58","slug":"lampe-trunk","status":"publish","type":"page","link":"https:\/\/www.julienpinard.com\/?page_id=1401","title":{"rendered":"Lampe Trunk"},"content":{"rendered":"\n<p style=\"line-height:1.5\">Pour la participation au Workshop sur le th\u00e8me \u00ab\u00a0Design v\u00e9g\u00e9tal\u00a0\u00bb, nous avons fait le choix de fabriquer une lampe \u00e0 partir de chutes de bois, sur le principe de la greffe, dans un d\u00e9lai impos\u00e9 de 4 jours (conception et r\u00e9alisation).<\/p>\n\n\n\n<p>Fabrication \u00e0 l\u2019atelier du Fablab de l\u2019Apedec \u00e0 Montreuil.<\/p>\n\n\n\n<p>En collaboration avec Romain Cl\u00e9ment, designer, et Nicolas Fetzer, menuisier.<\/p>\n\n\n\n<figure class=\"wp-block-image size-large\"><a href=\"http:\/\/www.julienpinard.com\/wp-content\/uploads\/2025\/06\/IMG_2295.jpg\"><img loading=\"lazy\" decoding=\"async\" width=\"2560\" height=\"2560\" src=\"https:\/\/www.julienpinard.com\/wp-content\/uploads\/2025\/08\/IMG_2295-edited-scaled.jpg\" alt=\"\" class=\"wp-image-2006\" srcset=\"https:\/\/www.julienpinard.com\/wp-content\/uploads\/2025\/08\/IMG_2295-edited-scaled.jpg 2560w, https:\/\/www.julienpinard.com\/wp-content\/uploads\/2025\/08\/IMG_2295-edited-300x300.jpg 300w, https:\/\/www.julienpinard.com\/wp-content\/uploads\/2025\/08\/IMG_2295-edited-1024x1024.jpg 1024w, https:\/\/www.julienpinard.com\/wp-content\/uploads\/2025\/08\/IMG_2295-edited-150x150.jpg 150w, https:\/\/www.julienpinard.com\/wp-content\/uploads\/2025\/08\/IMG_2295-edited-768x768.jpg 768w, https:\/\/www.julienpinard.com\/wp-content\/uploads\/2025\/08\/IMG_2295-edited-1536x1536.jpg 1536w, https:\/\/www.julienpinard.com\/wp-content\/uploads\/2025\/08\/IMG_2295-edited-2048x2048.jpg 2048w, https:\/\/www.julienpinard.com\/wp-content\/uploads\/2025\/08\/IMG_2295-edited-100x100.jpg 100w\" sizes=\"auto, (max-width: 706px) 89vw, (max-width: 767px) 82vw, 740px\" \/><\/a><\/figure>\n\n\n\n<figure class=\"wp-block-gallery has-nested-images columns-1 is-cropped wp-block-gallery-1 is-layout-flex wp-block-gallery-is-layout-flex\">\n<figure class=\"wp-block-image size-large\"><a href=\"https:\/\/www.julienpinard.com\/wp-content\/uploads\/2025\/08\/BIGTREE-1.jpg\"><img loading=\"lazy\" decoding=\"async\" width=\"1024\" height=\"1024\" data-id=\"2092\" src=\"https:\/\/www.julienpinard.com\/wp-content\/uploads\/2025\/08\/BIGTREE-1-1024x1024.jpg\" alt=\"\" class=\"wp-image-2092\" srcset=\"https:\/\/www.julienpinard.com\/wp-content\/uploads\/2025\/08\/BIGTREE-1-1024x1024.jpg 1024w, https:\/\/www.julienpinard.com\/wp-content\/uploads\/2025\/08\/BIGTREE-1-300x300.jpg 300w, https:\/\/www.julienpinard.com\/wp-content\/uploads\/2025\/08\/BIGTREE-1-150x150.jpg 150w, https:\/\/www.julienpinard.com\/wp-content\/uploads\/2025\/08\/BIGTREE-1-768x768.jpg 768w, https:\/\/www.julienpinard.com\/wp-content\/uploads\/2025\/08\/BIGTREE-1-1536x1536.jpg 1536w, https:\/\/www.julienpinard.com\/wp-content\/uploads\/2025\/08\/BIGTREE-1-100x100.jpg 100w, https:\/\/www.julienpinard.com\/wp-content\/uploads\/2025\/08\/BIGTREE-1.jpg 2000w\" sizes=\"auto, (max-width: 706px) 89vw, (max-width: 767px) 82vw, 740px\" \/><\/a><\/figure>\n\n\n\n<figure class=\"wp-block-image size-large\"><a href=\"https:\/\/www.julienpinard.com\/wp-content\/uploads\/2025\/08\/IMG_1892-1.jpg\"><img loading=\"lazy\" decoding=\"async\" width=\"1024\" height=\"768\" data-id=\"2093\" src=\"https:\/\/www.julienpinard.com\/wp-content\/uploads\/2025\/08\/IMG_1892-1-1024x768.jpg\" alt=\"\" class=\"wp-image-2093\" srcset=\"https:\/\/www.julienpinard.com\/wp-content\/uploads\/2025\/08\/IMG_1892-1-1024x768.jpg 1024w, https:\/\/www.julienpinard.com\/wp-content\/uploads\/2025\/08\/IMG_1892-1-300x225.jpg 300w, https:\/\/www.julienpinard.com\/wp-content\/uploads\/2025\/08\/IMG_1892-1-768x576.jpg 768w, https:\/\/www.julienpinard.com\/wp-content\/uploads\/2025\/08\/IMG_1892-1-1536x1152.jpg 1536w, https:\/\/www.julienpinard.com\/wp-content\/uploads\/2025\/08\/IMG_1892-1.jpg 2000w\" sizes=\"auto, (max-width: 706px) 89vw, (max-width: 767px) 82vw, 740px\" \/><\/a><\/figure>\n<\/figure>\n\n\n\n<figure class=\"wp-block-gallery has-nested-images columns-2 is-cropped wp-block-gallery-2 is-layout-flex wp-block-gallery-is-layout-flex\">\n<figure class=\"wp-block-image size-large\"><a href=\"http:\/\/www.julienpinard.com\/wp-content\/uploads\/2025\/08\/LAMPE_DESSOUS-scaled.jpg\"><img loading=\"lazy\" decoding=\"async\" width=\"1024\" height=\"768\" data-id=\"2088\" src=\"http:\/\/www.julienpinard.com\/wp-content\/uploads\/2025\/08\/LAMPE_DESSOUS-1024x768.jpg\" alt=\"\" class=\"wp-image-2088\" srcset=\"https:\/\/www.julienpinard.com\/wp-content\/uploads\/2025\/08\/LAMPE_DESSOUS-1024x768.jpg 1024w, https:\/\/www.julienpinard.com\/wp-content\/uploads\/2025\/08\/LAMPE_DESSOUS-300x225.jpg 300w, https:\/\/www.julienpinard.com\/wp-content\/uploads\/2025\/08\/LAMPE_DESSOUS-768x576.jpg 768w, https:\/\/www.julienpinard.com\/wp-content\/uploads\/2025\/08\/LAMPE_DESSOUS-1536x1152.jpg 1536w, https:\/\/www.julienpinard.com\/wp-content\/uploads\/2025\/08\/LAMPE_DESSOUS-2048x1536.jpg 2048w\" sizes=\"auto, (max-width: 706px) 89vw, (max-width: 767px) 82vw, 740px\" \/><\/a><\/figure>\n\n\n\n<figure class=\"wp-block-image size-large\"><a href=\"https:\/\/www.julienpinard.com\/wp-content\/uploads\/2025\/06\/IMG_2217.jpg\"><img loading=\"lazy\" decoding=\"async\" width=\"1024\" height=\"768\" data-id=\"1463\" src=\"https:\/\/www.julienpinard.com\/wp-content\/uploads\/2025\/06\/IMG_2217-1024x768.jpg\" alt=\"\" class=\"wp-image-1463\" srcset=\"https:\/\/www.julienpinard.com\/wp-content\/uploads\/2025\/06\/IMG_2217-1024x768.jpg 1024w, https:\/\/www.julienpinard.com\/wp-content\/uploads\/2025\/06\/IMG_2217-300x225.jpg 300w, https:\/\/www.julienpinard.com\/wp-content\/uploads\/2025\/06\/IMG_2217-768x576.jpg 768w\" sizes=\"auto, (max-width: 706px) 89vw, (max-width: 767px) 82vw, 740px\" \/><\/a><\/figure>\n\n\n\n<figure class=\"wp-block-image size-large\"><a href=\"https:\/\/www.julienpinard.com\/wp-content\/uploads\/2025\/06\/IMG_1785_square.jpg\"><img loading=\"lazy\" decoding=\"async\" width=\"1024\" height=\"1024\" data-id=\"1488\" src=\"https:\/\/www.julienpinard.com\/wp-content\/uploads\/2025\/06\/IMG_1785_square-1024x1024.jpg\" alt=\"\" class=\"wp-image-1488\" srcset=\"https:\/\/www.julienpinard.com\/wp-content\/uploads\/2025\/06\/IMG_1785_square-1024x1024.jpg 1024w, https:\/\/www.julienpinard.com\/wp-content\/uploads\/2025\/06\/IMG_1785_square-150x150.jpg 150w, https:\/\/www.julienpinard.com\/wp-content\/uploads\/2025\/06\/IMG_1785_square-300x300.jpg 300w, https:\/\/www.julienpinard.com\/wp-content\/uploads\/2025\/06\/IMG_1785_square-768x768.jpg 768w\" sizes=\"auto, (max-width: 706px) 89vw, (max-width: 767px) 82vw, 740px\" \/><\/a><\/figure>\n\n\n\n<figure class=\"wp-block-image size-large\"><a href=\"https:\/\/www.julienpinard.com\/wp-content\/uploads\/2025\/06\/BOOK1.jpg\"><img loading=\"lazy\" decoding=\"async\" width=\"1024\" height=\"1024\" data-id=\"1719\" src=\"https:\/\/www.julienpinard.com\/wp-content\/uploads\/2025\/06\/BOOK1-1024x1024.jpg\" alt=\"\" class=\"wp-image-1719\" srcset=\"https:\/\/www.julienpinard.com\/wp-content\/uploads\/2025\/06\/BOOK1-1024x1024.jpg 1024w, https:\/\/www.julienpinard.com\/wp-content\/uploads\/2025\/06\/BOOK1-150x150.jpg 150w, https:\/\/www.julienpinard.com\/wp-content\/uploads\/2025\/06\/BOOK1-300x300.jpg 300w, https:\/\/www.julienpinard.com\/wp-content\/uploads\/2025\/06\/BOOK1-768x768.jpg 768w\" sizes=\"auto, (max-width: 706px) 89vw, (max-width: 767px) 82vw, 740px\" \/><\/a><\/figure>\n\n\n\n<figure class=\"wp-block-image size-large\"><a href=\"https:\/\/www.julienpinard.com\/wp-content\/uploads\/2025\/06\/BOOK2.jpg\"><img loading=\"lazy\" decoding=\"async\" width=\"768\" height=\"1024\" data-id=\"1720\" src=\"https:\/\/www.julienpinard.com\/wp-content\/uploads\/2025\/06\/BOOK2-768x1024.jpg\" alt=\"\" class=\"wp-image-1720\" srcset=\"https:\/\/www.julienpinard.com\/wp-content\/uploads\/2025\/06\/BOOK2-768x1024.jpg 768w, https:\/\/www.julienpinard.com\/wp-content\/uploads\/2025\/06\/BOOK2-225x300.jpg 225w\" sizes=\"auto, (max-width: 706px) 89vw, (max-width: 767px) 82vw, 740px\" \/><\/a><\/figure>\n<\/figure>\n","protected":false},"excerpt":{"rendered":"<p>Pour la participation au Workshop sur le th\u00e8me \u00ab\u00a0Design v\u00e9g\u00e9tal\u00a0\u00bb, nous avons fait le choix de fabriquer une lampe \u00e0 partir de chutes de bois, sur le principe de la greffe, dans un d\u00e9lai impos\u00e9 de 4 jours (conception et r\u00e9alisation). Fabrication \u00e0 l\u2019atelier du Fablab de l\u2019Apedec \u00e0 Montreuil. En collaboration avec Romain Cl\u00e9ment, &hellip; <\/p>\n<p class=\"link-more\"><a href=\"https:\/\/www.julienpinard.com\/?page_id=1401\" class=\"more-link\">Continuer la lecture<span class=\"screen-reader-text\"> de &laquo;&nbsp;Lampe Trunk&nbsp;&raquo;<\/span><\/a><\/p>\n","protected":false},"author":1,"featured_media":0,"parent":0,"menu_order":0,"comment_status":"closed","ping_status":"closed","template":"page-templates\/full-width-page.php","meta":{"footnotes":""},"class_list":["post-1401","page","type-page","status-publish","hentry"],"_links":{"self":[{"href":"https:\/\/www.julienpinard.com\/index.php?rest_route=\/wp\/v2\/pages\/1401","targetHints":{"allow":["GET"]}}],"collection":[{"href":"https:\/\/www.julienpinard.com\/index.php?rest_route=\/wp\/v2\/pages"}],"about":[{"href":"https:\/\/www.julienpinard.com\/index.php?rest_route=\/wp\/v2\/types\/page"}],"author":[{"embeddable":true,"href":"https:\/\/www.julienpinard.com\/index.php?rest_route=\/wp\/v2\/users\/1"}],"replies":[{"embeddable":true,"href":"https:\/\/www.julienpinard.com\/index.php?rest_route=%2Fwp%2Fv2%2Fcomments&post=1401"}],"version-history":[{"count":28,"href":"https:\/\/www.julienpinard.com\/index.php?rest_route=\/wp\/v2\/pages\/1401\/revisions"}],"predecessor-version":[{"id":2126,"href":"https:\/\/www.julienpinard.com\/index.php?rest_route=\/wp\/v2\/pages\/1401\/revisions\/2126"}],"wp:attachment":[{"href":"https:\/\/www.julienpinard.com\/index.php?rest_route=%2Fwp%2Fv2%2Fmedia&parent=1401"}],"curies":[{"name":"wp","href":"https:\/\/api.w.org\/{rel}","templated":true}]}}