{"id":1810,"date":"2025-08-19T11:05:45","date_gmt":"2025-08-19T10:05:45","guid":{"rendered":"http:\/\/www.julienpinard.com\/?page_id=1810"},"modified":"2025-08-27T10:05:10","modified_gmt":"2025-08-27T09:05:10","slug":"maison-ozanam","status":"publish","type":"page","link":"https:\/\/www.julienpinard.com\/?page_id=1810","title":{"rendered":"Maison Ozanam"},"content":{"rendered":"\n<p>Paris, quartier des Batignolles.<\/p>\n\n\n\n<p>Conception d&rsquo;une fresque au Centre Cultuel \u00ab\u00a0Maison Ozanam\u00a0\u00bb pour l&rsquo;architecte Jean Bocabeille, imprim\u00e9e sur Alucobond et verre. <\/p>\n\n\n\n<p>Pour ce projet j&rsquo;ai dessin\u00e9 une succession de sc\u00e8nes bibliques sur la totalit\u00e9 du rez-de-chauss\u00e9e, de la lumi\u00e8re originelle jusqu&rsquo;au jaillissement de la croix de la chapelle, point culminant de la fresque.<\/p>\n\n\n\n<p>Chaque tableau est constitu\u00e9 d&rsquo;une accumulation de pictogrammes religieux pour repr\u00e9senter une sc\u00e8ne biblique figurative mais morcel\u00e9e, pour simplement sugg\u00e9rer le sujet. <\/p>\n\n\n\n<p><\/p>\n\n\n\n<p><\/p>\n\n\n\n<figure class=\"wp-block-image size-full\"><a href=\"http:\/\/www.julienpinard.com\/wp-content\/uploads\/2025\/08\/inauguration-4041.jpg\"><img loading=\"lazy\" decoding=\"async\" width=\"1000\" height=\"563\" src=\"https:\/\/www.julienpinard.com\/wp-content\/uploads\/2025\/08\/inauguration-4041-edited.jpg\" alt=\"\" class=\"wp-image-2018\" srcset=\"https:\/\/www.julienpinard.com\/wp-content\/uploads\/2025\/08\/inauguration-4041-edited.jpg 1000w, https:\/\/www.julienpinard.com\/wp-content\/uploads\/2025\/08\/inauguration-4041-edited-300x169.jpg 300w, https:\/\/www.julienpinard.com\/wp-content\/uploads\/2025\/08\/inauguration-4041-edited-768x432.jpg 768w\" sizes=\"auto, (max-width: 706px) 89vw, (max-width: 767px) 82vw, 740px\" \/><\/a><\/figure>\n\n\n\n<figure class=\"wp-block-gallery has-nested-images columns-2 is-cropped wp-block-gallery-1 is-layout-flex wp-block-gallery-is-layout-flex\">\n<figure class=\"wp-block-image size-large\"><a href=\"https:\/\/www.julienpinard.com\/wp-content\/uploads\/2025\/08\/02_batignolles_JBA_photo_Sergio_Grazia.jpg\"><img loading=\"lazy\" decoding=\"async\" width=\"1024\" height=\"683\" data-id=\"2019\" src=\"https:\/\/www.julienpinard.com\/wp-content\/uploads\/2025\/08\/02_batignolles_JBA_photo_Sergio_Grazia-1024x683.jpg\" alt=\"\" class=\"wp-image-2019\" srcset=\"https:\/\/www.julienpinard.com\/wp-content\/uploads\/2025\/08\/02_batignolles_JBA_photo_Sergio_Grazia-1024x683.jpg 1024w, https:\/\/www.julienpinard.com\/wp-content\/uploads\/2025\/08\/02_batignolles_JBA_photo_Sergio_Grazia-300x200.jpg 300w, https:\/\/www.julienpinard.com\/wp-content\/uploads\/2025\/08\/02_batignolles_JBA_photo_Sergio_Grazia-768x512.jpg 768w, https:\/\/www.julienpinard.com\/wp-content\/uploads\/2025\/08\/02_batignolles_JBA_photo_Sergio_Grazia.jpg 1500w\" sizes=\"auto, (max-width: 706px) 89vw, (max-width: 767px) 82vw, 740px\" \/><\/a><\/figure>\n\n\n\n<figure class=\"wp-block-image size-large\"><a href=\"https:\/\/www.julienpinard.com\/wp-content\/uploads\/2025\/08\/04_batignolles_JBA_photo_Sergio_Grazia.jpg\"><img loading=\"lazy\" decoding=\"async\" width=\"1024\" height=\"790\" data-id=\"2020\" src=\"https:\/\/www.julienpinard.com\/wp-content\/uploads\/2025\/08\/04_batignolles_JBA_photo_Sergio_Grazia-1024x790.jpg\" alt=\"\" class=\"wp-image-2020\" srcset=\"https:\/\/www.julienpinard.com\/wp-content\/uploads\/2025\/08\/04_batignolles_JBA_photo_Sergio_Grazia-1024x790.jpg 1024w, https:\/\/www.julienpinard.com\/wp-content\/uploads\/2025\/08\/04_batignolles_JBA_photo_Sergio_Grazia-300x231.jpg 300w, https:\/\/www.julienpinard.com\/wp-content\/uploads\/2025\/08\/04_batignolles_JBA_photo_Sergio_Grazia-768x593.jpg 768w, https:\/\/www.julienpinard.com\/wp-content\/uploads\/2025\/08\/04_batignolles_JBA_photo_Sergio_Grazia.jpg 1296w\" sizes=\"auto, (max-width: 706px) 89vw, (max-width: 767px) 82vw, 740px\" \/><\/a><\/figure>\n\n\n\n<figure class=\"wp-block-image size-large\"><a href=\"https:\/\/www.julienpinard.com\/wp-content\/uploads\/2025\/08\/Capture-decran-2025-06-23-a-10.28.57.png\"><img loading=\"lazy\" decoding=\"async\" width=\"1024\" height=\"1001\" data-id=\"2021\" src=\"https:\/\/www.julienpinard.com\/wp-content\/uploads\/2025\/08\/Capture-decran-2025-06-23-a-10.28.57-1024x1001.png\" alt=\"\" class=\"wp-image-2021\" srcset=\"https:\/\/www.julienpinard.com\/wp-content\/uploads\/2025\/08\/Capture-decran-2025-06-23-a-10.28.57-1024x1001.png 1024w, https:\/\/www.julienpinard.com\/wp-content\/uploads\/2025\/08\/Capture-decran-2025-06-23-a-10.28.57-300x293.png 300w, https:\/\/www.julienpinard.com\/wp-content\/uploads\/2025\/08\/Capture-decran-2025-06-23-a-10.28.57-768x751.png 768w, https:\/\/www.julienpinard.com\/wp-content\/uploads\/2025\/08\/Capture-decran-2025-06-23-a-10.28.57-1536x1501.png 1536w, https:\/\/www.julienpinard.com\/wp-content\/uploads\/2025\/08\/Capture-decran-2025-06-23-a-10.28.57-2048x2002.png 2048w\" sizes=\"auto, (max-width: 706px) 89vw, (max-width: 767px) 82vw, 740px\" \/><\/a><\/figure>\n\n\n\n<figure class=\"wp-block-image size-large\"><a href=\"https:\/\/www.julienpinard.com\/wp-content\/uploads\/2025\/08\/chapelle-croix-vitre.jpg\"><img loading=\"lazy\" decoding=\"async\" width=\"750\" height=\"1000\" data-id=\"2022\" src=\"https:\/\/www.julienpinard.com\/wp-content\/uploads\/2025\/08\/chapelle-croix-vitre.jpg\" alt=\"\" class=\"wp-image-2022\" srcset=\"https:\/\/www.julienpinard.com\/wp-content\/uploads\/2025\/08\/chapelle-croix-vitre.jpg 750w, https:\/\/www.julienpinard.com\/wp-content\/uploads\/2025\/08\/chapelle-croix-vitre-225x300.jpg 225w\" sizes=\"auto, (max-width: 706px) 89vw, (max-width: 767px) 82vw, 740px\" \/><\/a><\/figure>\n\n\n\n<figure class=\"wp-block-image size-large\"><a href=\"https:\/\/www.julienpinard.com\/wp-content\/uploads\/2025\/08\/HALL.jpg\"><img loading=\"lazy\" decoding=\"async\" width=\"907\" height=\"491\" data-id=\"2023\" src=\"https:\/\/www.julienpinard.com\/wp-content\/uploads\/2025\/08\/HALL.jpg\" alt=\"\" class=\"wp-image-2023\" srcset=\"https:\/\/www.julienpinard.com\/wp-content\/uploads\/2025\/08\/HALL.jpg 907w, https:\/\/www.julienpinard.com\/wp-content\/uploads\/2025\/08\/HALL-300x162.jpg 300w, https:\/\/www.julienpinard.com\/wp-content\/uploads\/2025\/08\/HALL-768x416.jpg 768w\" sizes=\"auto, (max-width: 706px) 89vw, (max-width: 767px) 82vw, 740px\" \/><\/a><\/figure>\n\n\n\n<figure class=\"wp-block-image size-large\"><a href=\"https:\/\/www.julienpinard.com\/wp-content\/uploads\/2025\/08\/PROTO_FRESQUE_METAL.jpg\"><img loading=\"lazy\" decoding=\"async\" width=\"655\" height=\"548\" data-id=\"2024\" src=\"https:\/\/www.julienpinard.com\/wp-content\/uploads\/2025\/08\/PROTO_FRESQUE_METAL.jpg\" alt=\"\" class=\"wp-image-2024\" srcset=\"https:\/\/www.julienpinard.com\/wp-content\/uploads\/2025\/08\/PROTO_FRESQUE_METAL.jpg 655w, https:\/\/www.julienpinard.com\/wp-content\/uploads\/2025\/08\/PROTO_FRESQUE_METAL-300x251.jpg 300w\" sizes=\"auto, (max-width: 655px) 100vw, 655px\" \/><\/a><\/figure>\n<\/figure>\n\n\n\n<figure class=\"wp-block-gallery has-nested-images columns-1 is-cropped wp-block-gallery-2 is-layout-flex wp-block-gallery-is-layout-flex\">\n<figure class=\"wp-block-image size-large\"><a href=\"https:\/\/www.julienpinard.com\/wp-content\/uploads\/2025\/08\/MAISON-OZANAM_FINAL_B.jpg\"><img loading=\"lazy\" decoding=\"async\" width=\"1024\" height=\"756\" data-id=\"2104\" src=\"https:\/\/www.julienpinard.com\/wp-content\/uploads\/2025\/08\/MAISON-OZANAM_FINAL_B-1024x756.jpg\" alt=\"\" class=\"wp-image-2104\" srcset=\"https:\/\/www.julienpinard.com\/wp-content\/uploads\/2025\/08\/MAISON-OZANAM_FINAL_B-1024x756.jpg 1024w, https:\/\/www.julienpinard.com\/wp-content\/uploads\/2025\/08\/MAISON-OZANAM_FINAL_B-300x222.jpg 300w, https:\/\/www.julienpinard.com\/wp-content\/uploads\/2025\/08\/MAISON-OZANAM_FINAL_B-768x567.jpg 768w, https:\/\/www.julienpinard.com\/wp-content\/uploads\/2025\/08\/MAISON-OZANAM_FINAL_B.jpg 1339w\" sizes=\"auto, (max-width: 706px) 89vw, (max-width: 767px) 82vw, 740px\" \/><\/a><\/figure>\n\n\n\n<figure class=\"wp-block-image size-large\"><a href=\"https:\/\/www.julienpinard.com\/wp-content\/uploads\/2025\/08\/JERU_OK.jpg\"><img loading=\"lazy\" decoding=\"async\" width=\"1024\" height=\"622\" data-id=\"2108\" src=\"https:\/\/www.julienpinard.com\/wp-content\/uploads\/2025\/08\/JERU_OK-1024x622.jpg\" alt=\"\" class=\"wp-image-2108\" srcset=\"https:\/\/www.julienpinard.com\/wp-content\/uploads\/2025\/08\/JERU_OK-1024x622.jpg 1024w, https:\/\/www.julienpinard.com\/wp-content\/uploads\/2025\/08\/JERU_OK-300x182.jpg 300w, https:\/\/www.julienpinard.com\/wp-content\/uploads\/2025\/08\/JERU_OK-768x466.jpg 768w, https:\/\/www.julienpinard.com\/wp-content\/uploads\/2025\/08\/JERU_OK-1536x932.jpg 1536w, https:\/\/www.julienpinard.com\/wp-content\/uploads\/2025\/08\/JERU_OK.jpg 2000w\" sizes=\"auto, (max-width: 706px) 89vw, (max-width: 767px) 82vw, 740px\" \/><\/a><\/figure>\n\n\n\n<figure class=\"wp-block-image size-large\"><a href=\"https:\/\/www.julienpinard.com\/wp-content\/uploads\/2025\/08\/NOE_OK.jpg\"><img loading=\"lazy\" decoding=\"async\" width=\"573\" height=\"738\" data-id=\"2105\" src=\"https:\/\/www.julienpinard.com\/wp-content\/uploads\/2025\/08\/NOE_OK.jpg\" alt=\"\" class=\"wp-image-2105\" srcset=\"https:\/\/www.julienpinard.com\/wp-content\/uploads\/2025\/08\/NOE_OK.jpg 573w, https:\/\/www.julienpinard.com\/wp-content\/uploads\/2025\/08\/NOE_OK-233x300.jpg 233w\" sizes=\"auto, (max-width: 573px) 100vw, 573px\" \/><\/a><\/figure>\n\n\n\n<figure class=\"wp-block-image size-large\"><a href=\"https:\/\/www.julienpinard.com\/wp-content\/uploads\/2025\/08\/EDEN_OK.jpg\"><img loading=\"lazy\" decoding=\"async\" width=\"1024\" height=\"467\" data-id=\"2106\" src=\"https:\/\/www.julienpinard.com\/wp-content\/uploads\/2025\/08\/EDEN_OK-1024x467.jpg\" alt=\"\" class=\"wp-image-2106\" srcset=\"https:\/\/www.julienpinard.com\/wp-content\/uploads\/2025\/08\/EDEN_OK-1024x467.jpg 1024w, https:\/\/www.julienpinard.com\/wp-content\/uploads\/2025\/08\/EDEN_OK-300x137.jpg 300w, https:\/\/www.julienpinard.com\/wp-content\/uploads\/2025\/08\/EDEN_OK-768x351.jpg 768w, https:\/\/www.julienpinard.com\/wp-content\/uploads\/2025\/08\/EDEN_OK-1536x701.jpg 1536w, https:\/\/www.julienpinard.com\/wp-content\/uploads\/2025\/08\/EDEN_OK.jpg 1667w\" sizes=\"auto, (max-width: 706px) 89vw, (max-width: 767px) 82vw, 740px\" \/><\/a><\/figure>\n\n\n\n<figure class=\"wp-block-image size-large\"><a href=\"https:\/\/www.julienpinard.com\/wp-content\/uploads\/2025\/08\/EXODE_OK.jpg\"><img loading=\"lazy\" decoding=\"async\" width=\"1024\" height=\"448\" data-id=\"2100\" src=\"https:\/\/www.julienpinard.com\/wp-content\/uploads\/2025\/08\/EXODE_OK-1024x448.jpg\" alt=\"\" class=\"wp-image-2100\" srcset=\"https:\/\/www.julienpinard.com\/wp-content\/uploads\/2025\/08\/EXODE_OK-1024x448.jpg 1024w, https:\/\/www.julienpinard.com\/wp-content\/uploads\/2025\/08\/EXODE_OK-300x131.jpg 300w, https:\/\/www.julienpinard.com\/wp-content\/uploads\/2025\/08\/EXODE_OK-768x336.jpg 768w, https:\/\/www.julienpinard.com\/wp-content\/uploads\/2025\/08\/EXODE_OK-1536x672.jpg 1536w, https:\/\/www.julienpinard.com\/wp-content\/uploads\/2025\/08\/EXODE_OK.jpg 1644w\" sizes=\"auto, (max-width: 706px) 89vw, (max-width: 767px) 82vw, 740px\" \/><\/a><\/figure>\n\n\n\n<figure class=\"wp-block-image size-large\"><a href=\"https:\/\/www.julienpinard.com\/wp-content\/uploads\/2025\/08\/LUM_OR_FINAL.jpg\"><img loading=\"lazy\" decoding=\"async\" width=\"1024\" height=\"573\" data-id=\"2103\" src=\"https:\/\/www.julienpinard.com\/wp-content\/uploads\/2025\/08\/LUM_OR_FINAL-1024x573.jpg\" alt=\"\" class=\"wp-image-2103\" srcset=\"https:\/\/www.julienpinard.com\/wp-content\/uploads\/2025\/08\/LUM_OR_FINAL-1024x573.jpg 1024w, https:\/\/www.julienpinard.com\/wp-content\/uploads\/2025\/08\/LUM_OR_FINAL-300x168.jpg 300w, https:\/\/www.julienpinard.com\/wp-content\/uploads\/2025\/08\/LUM_OR_FINAL-768x429.jpg 768w, https:\/\/www.julienpinard.com\/wp-content\/uploads\/2025\/08\/LUM_OR_FINAL-1536x859.jpg 1536w, https:\/\/www.julienpinard.com\/wp-content\/uploads\/2025\/08\/LUM_OR_FINAL-2048x1145.jpg 2048w\" sizes=\"auto, (max-width: 706px) 89vw, (max-width: 767px) 82vw, 740px\" \/><\/a><\/figure>\n\n\n\n<figure class=\"wp-block-image size-large\"><a href=\"https:\/\/www.julienpinard.com\/wp-content\/uploads\/2025\/08\/HALO_OK.jpg\"><img loading=\"lazy\" decoding=\"async\" width=\"962\" height=\"1024\" data-id=\"2101\" src=\"https:\/\/www.julienpinard.com\/wp-content\/uploads\/2025\/08\/HALO_OK-962x1024.jpg\" alt=\"\" class=\"wp-image-2101\" srcset=\"https:\/\/www.julienpinard.com\/wp-content\/uploads\/2025\/08\/HALO_OK-962x1024.jpg 962w, https:\/\/www.julienpinard.com\/wp-content\/uploads\/2025\/08\/HALO_OK-282x300.jpg 282w, https:\/\/www.julienpinard.com\/wp-content\/uploads\/2025\/08\/HALO_OK-768x817.jpg 768w, https:\/\/www.julienpinard.com\/wp-content\/uploads\/2025\/08\/HALO_OK-1443x1536.jpg 1443w, https:\/\/www.julienpinard.com\/wp-content\/uploads\/2025\/08\/HALO_OK.jpg 1680w\" sizes=\"auto, (max-width: 706px) 89vw, (max-width: 767px) 82vw, 740px\" \/><\/a><\/figure>\n\n\n\n<figure class=\"wp-block-image size-large\"><a href=\"https:\/\/www.julienpinard.com\/wp-content\/uploads\/2025\/08\/ELIE_FINAL.jpg\"><img loading=\"lazy\" decoding=\"async\" width=\"1024\" height=\"409\" data-id=\"2107\" src=\"https:\/\/www.julienpinard.com\/wp-content\/uploads\/2025\/08\/ELIE_FINAL-1024x409.jpg\" alt=\"\" class=\"wp-image-2107\" srcset=\"https:\/\/www.julienpinard.com\/wp-content\/uploads\/2025\/08\/ELIE_FINAL-1024x409.jpg 1024w, https:\/\/www.julienpinard.com\/wp-content\/uploads\/2025\/08\/ELIE_FINAL-300x120.jpg 300w, https:\/\/www.julienpinard.com\/wp-content\/uploads\/2025\/08\/ELIE_FINAL-768x307.jpg 768w, https:\/\/www.julienpinard.com\/wp-content\/uploads\/2025\/08\/ELIE_FINAL-1536x613.jpg 1536w, https:\/\/www.julienpinard.com\/wp-content\/uploads\/2025\/08\/ELIE_FINAL-2048x818.jpg 2048w\" sizes=\"auto, (max-width: 706px) 89vw, (max-width: 767px) 82vw, 740px\" \/><\/a><\/figure>\n<\/figure>\n","protected":false},"excerpt":{"rendered":"<p>Paris, quartier des Batignolles. Conception d&rsquo;une fresque au Centre Cultuel \u00ab\u00a0Maison Ozanam\u00a0\u00bb pour l&rsquo;architecte Jean Bocabeille, imprim\u00e9e sur Alucobond et verre. Pour ce projet j&rsquo;ai dessin\u00e9 une succession de sc\u00e8nes bibliques sur la totalit\u00e9 du rez-de-chauss\u00e9e, de la lumi\u00e8re originelle jusqu&rsquo;au jaillissement de la croix de la chapelle, point culminant de la fresque. Chaque tableau &hellip; <\/p>\n<p class=\"link-more\"><a href=\"https:\/\/www.julienpinard.com\/?page_id=1810\" class=\"more-link\">Continuer la lecture<span class=\"screen-reader-text\"> de &laquo;&nbsp;Maison Ozanam&nbsp;&raquo;<\/span><\/a><\/p>\n","protected":false},"author":1,"featured_media":0,"parent":0,"menu_order":0,"comment_status":"closed","ping_status":"closed","template":"","meta":{"footnotes":""},"class_list":["post-1810","page","type-page","status-publish","hentry"],"_links":{"self":[{"href":"https:\/\/www.julienpinard.com\/index.php?rest_route=\/wp\/v2\/pages\/1810","targetHints":{"allow":["GET"]}}],"collection":[{"href":"https:\/\/www.julienpinard.com\/index.php?rest_route=\/wp\/v2\/pages"}],"about":[{"href":"https:\/\/www.julienpinard.com\/index.php?rest_route=\/wp\/v2\/types\/page"}],"author":[{"embeddable":true,"href":"https:\/\/www.julienpinard.com\/index.php?rest_route=\/wp\/v2\/users\/1"}],"replies":[{"embeddable":true,"href":"https:\/\/www.julienpinard.com\/index.php?rest_route=%2Fwp%2Fv2%2Fcomments&post=1810"}],"version-history":[{"count":11,"href":"https:\/\/www.julienpinard.com\/index.php?rest_route=\/wp\/v2\/pages\/1810\/revisions"}],"predecessor-version":[{"id":2139,"href":"https:\/\/www.julienpinard.com\/index.php?rest_route=\/wp\/v2\/pages\/1810\/revisions\/2139"}],"wp:attachment":[{"href":"https:\/\/www.julienpinard.com\/index.php?rest_route=%2Fwp%2Fv2%2Fmedia&parent=1810"}],"curies":[{"name":"wp","href":"https:\/\/api.w.org\/{rel}","templated":true}]}}