{"id":1812,"date":"2025-08-19T11:05:45","date_gmt":"2025-08-19T10:05:45","guid":{"rendered":"http:\/\/www.julienpinard.com\/?page_id=1812"},"modified":"2025-08-27T09:30:06","modified_gmt":"2025-08-27T08:30:06","slug":"festival-international-de-jardins-de-metis","status":"publish","type":"page","link":"https:\/\/www.julienpinard.com\/?page_id=1812","title":{"rendered":"Festival international de jardins de Metis"},"content":{"rendered":"\n<p>M\u00e9tis sur mer, Qu\u00e9bec, 2013.<\/p>\n\n\n\n<p>Dans le cadre du Festival de jardins de M\u00e9tis sur mer, nous avons con\u00e7u et r\u00e9alis\u00e9 une installation, \u00ab\u00a0Sacr\u00e9 potager\u00a0\u00bb, destin\u00e9e \u00e0 sensibiliser le public aux l\u00e9gumes oubli\u00e9s. Chaque visiteur pouvaient emporter avec lui un sachet de graines de ces l\u00e9gumes.<\/p>\n\n\n\n<p>Chaque reposoir est \u00e0 mi chemin entre oratoire et autel.<\/p>\n\n\n\n<p>Des bougies votives, diff\u00e9rentes pour chaque pr\u00e9sentoir, sont dispos\u00e9es \u00e0 l&rsquo;int\u00e9rieur, et le miroir dor\u00e9 ajoute une dimension sacr\u00e9e \u00e0 l&rsquo;installation.<\/p>\n\n\n\n<p>Au pied de chaque oratoire se tient un petit potager de son l\u00e9gume oubli\u00e9.<\/p>\n\n\n\n<p>R\u00e9\u00e9dit\u00e9e en 2014 et 2015, puis \u00e0 l&rsquo;occasion du Festival d&rsquo;horticulture \u00ab\u00a0Canada blooms\u00a0\u00bb \u00e0 Toronto en 2014.<\/p>\n\n\n\n<p>En collaboration avec l&rsquo;agence d&rsquo;architecture Atelier Barda.<\/p>\n\n\n\n<figure class=\"wp-block-image size-large\"><a href=\"http:\/\/www.julienpinard.com\/wp-content\/uploads\/2014\/09\/cropped-cropped-2.jpg\"><img loading=\"lazy\" decoding=\"async\" width=\"1024\" height=\"614\" src=\"https:\/\/www.julienpinard.com\/wp-content\/uploads\/2014\/09\/cropped-cropped-2-1024x614.jpg\" alt=\"\" class=\"wp-image-1912\" srcset=\"https:\/\/www.julienpinard.com\/wp-content\/uploads\/2014\/09\/cropped-cropped-2-1024x614.jpg 1024w, https:\/\/www.julienpinard.com\/wp-content\/uploads\/2014\/09\/cropped-cropped-2-300x180.jpg 300w, https:\/\/www.julienpinard.com\/wp-content\/uploads\/2014\/09\/cropped-cropped-2-768x461.jpg 768w, https:\/\/www.julienpinard.com\/wp-content\/uploads\/2014\/09\/cropped-cropped-2.jpg 2000w\" sizes=\"auto, (max-width: 706px) 89vw, (max-width: 767px) 82vw, 740px\" \/><\/a><\/figure>\n\n\n\n<figure class=\"wp-block-gallery has-nested-images columns-3 is-cropped wp-block-gallery-1 is-layout-flex wp-block-gallery-is-layout-flex\">\n<figure class=\"wp-block-image size-large\"><a href=\"https:\/\/www.julienpinard.com\/wp-content\/uploads\/2014\/09\/cropped-3-2.jpg\"><img loading=\"lazy\" decoding=\"async\" width=\"1024\" height=\"726\" data-id=\"666\" src=\"https:\/\/www.julienpinard.com\/wp-content\/uploads\/2014\/09\/cropped-3-2-1024x726.jpg\" alt=\"\" class=\"wp-image-666\" srcset=\"https:\/\/www.julienpinard.com\/wp-content\/uploads\/2014\/09\/cropped-3-2-1024x726.jpg 1024w, https:\/\/www.julienpinard.com\/wp-content\/uploads\/2014\/09\/cropped-3-2-300x213.jpg 300w, https:\/\/www.julienpinard.com\/wp-content\/uploads\/2014\/09\/cropped-3-2-768x544.jpg 768w\" sizes=\"auto, (max-width: 706px) 89vw, (max-width: 767px) 82vw, 740px\" \/><\/a><\/figure>\n\n\n\n<figure class=\"wp-block-image size-large\"><a href=\"https:\/\/www.julienpinard.com\/wp-content\/uploads\/2014\/10\/cropped-METIS_DIVERS_NVO.jpg\"><img loading=\"lazy\" decoding=\"async\" width=\"1024\" height=\"576\" data-id=\"472\" src=\"https:\/\/www.julienpinard.com\/wp-content\/uploads\/2014\/10\/cropped-METIS_DIVERS_NVO-1024x576.jpg\" alt=\"\" class=\"wp-image-472\" srcset=\"https:\/\/www.julienpinard.com\/wp-content\/uploads\/2014\/10\/cropped-METIS_DIVERS_NVO-1024x576.jpg 1024w, https:\/\/www.julienpinard.com\/wp-content\/uploads\/2014\/10\/cropped-METIS_DIVERS_NVO-300x169.jpg 300w, https:\/\/www.julienpinard.com\/wp-content\/uploads\/2014\/10\/cropped-METIS_DIVERS_NVO-768x432.jpg 768w, https:\/\/www.julienpinard.com\/wp-content\/uploads\/2014\/10\/cropped-METIS_DIVERS_NVO.jpg 1900w\" sizes=\"auto, (max-width: 706px) 89vw, (max-width: 767px) 82vw, 740px\" \/><\/a><\/figure>\n\n\n\n<figure class=\"wp-block-image size-large\"><a href=\"https:\/\/www.julienpinard.com\/wp-content\/uploads\/2014\/09\/cropped-5.jpg\"><img loading=\"lazy\" decoding=\"async\" width=\"760\" height=\"1024\" data-id=\"658\" src=\"https:\/\/www.julienpinard.com\/wp-content\/uploads\/2014\/09\/cropped-5-760x1024.jpg\" alt=\"\" class=\"wp-image-658\" srcset=\"https:\/\/www.julienpinard.com\/wp-content\/uploads\/2014\/09\/cropped-5-760x1024.jpg 760w, https:\/\/www.julienpinard.com\/wp-content\/uploads\/2014\/09\/cropped-5-223x300.jpg 223w, https:\/\/www.julienpinard.com\/wp-content\/uploads\/2014\/09\/cropped-5-768x1035.jpg 768w\" sizes=\"auto, (max-width: 706px) 89vw, (max-width: 767px) 82vw, 740px\" \/><\/a><\/figure>\n<\/figure>\n\n\n\n<figure class=\"wp-block-gallery has-nested-images columns-2 is-cropped wp-block-gallery-2 is-layout-flex wp-block-gallery-is-layout-flex\">\n<figure class=\"wp-block-image size-large\"><a href=\"https:\/\/www.julienpinard.com\/wp-content\/uploads\/2014\/09\/8.jpg\"><img loading=\"lazy\" decoding=\"async\" width=\"4000\" height=\"3000\" data-id=\"162\" src=\"https:\/\/www.julienpinard.com\/wp-content\/uploads\/2014\/09\/8-1024x768.jpg\" alt=\"\" class=\"wp-image-162\" srcset=\"https:\/\/www.julienpinard.com\/wp-content\/uploads\/2014\/09\/8-1024x768.jpg 1024w, https:\/\/www.julienpinard.com\/wp-content\/uploads\/2014\/09\/8-300x225.jpg 300w\" sizes=\"auto, (max-width: 706px) 89vw, (max-width: 767px) 82vw, 740px\" \/><\/a><\/figure>\n\n\n\n<figure class=\"wp-block-image size-large is-style-default\"><a href=\"https:\/\/www.julienpinard.com\/wp-content\/uploads\/2014\/09\/7.jpg\"><img loading=\"lazy\" decoding=\"async\" width=\"1024\" height=\"768\" data-id=\"161\" src=\"https:\/\/www.julienpinard.com\/wp-content\/uploads\/2014\/09\/7-1024x768.jpg\" alt=\"\" class=\"wp-image-161\" srcset=\"https:\/\/www.julienpinard.com\/wp-content\/uploads\/2014\/09\/7-1024x768.jpg 1024w, https:\/\/www.julienpinard.com\/wp-content\/uploads\/2014\/09\/7-300x225.jpg 300w\" sizes=\"auto, (max-width: 706px) 89vw, (max-width: 767px) 82vw, 740px\" \/><\/a><\/figure>\n<\/figure>\n\n\n\n<p class=\"has-text-align-center\">Quelques aper\u00e7us des illustrations r\u00e9alis\u00e9es sur les bougies votives.<\/p>\n\n\n\n<figure class=\"wp-block-gallery has-nested-images columns-2 is-cropped wp-block-gallery-3 is-layout-flex wp-block-gallery-is-layout-flex\">\n<figure class=\"wp-block-image size-large\"><a href=\"https:\/\/www.julienpinard.com\/wp-content\/uploads\/2014\/09\/CHOU.jpg\"><img loading=\"lazy\" decoding=\"async\" width=\"725\" height=\"1024\" data-id=\"171\" src=\"https:\/\/www.julienpinard.com\/wp-content\/uploads\/2014\/09\/CHOU-725x1024.jpg\" alt=\"\" class=\"wp-image-171\" srcset=\"https:\/\/www.julienpinard.com\/wp-content\/uploads\/2014\/09\/CHOU-725x1024.jpg 725w, https:\/\/www.julienpinard.com\/wp-content\/uploads\/2014\/09\/CHOU-212x300.jpg 212w, https:\/\/www.julienpinard.com\/wp-content\/uploads\/2014\/09\/CHOU.jpg 1339w\" sizes=\"auto, (max-width: 725px) 100vw, 725px\" \/><\/a><\/figure>\n\n\n\n<figure class=\"wp-block-image size-large\"><a href=\"https:\/\/www.julienpinard.com\/wp-content\/uploads\/2014\/09\/TOMATILLO.jpg\"><img loading=\"lazy\" decoding=\"async\" width=\"725\" height=\"1024\" data-id=\"170\" src=\"https:\/\/www.julienpinard.com\/wp-content\/uploads\/2014\/09\/TOMATILLO-725x1024.jpg\" alt=\"\" class=\"wp-image-170\" srcset=\"https:\/\/www.julienpinard.com\/wp-content\/uploads\/2014\/09\/TOMATILLO-725x1024.jpg 725w, https:\/\/www.julienpinard.com\/wp-content\/uploads\/2014\/09\/TOMATILLO-212x300.jpg 212w, https:\/\/www.julienpinard.com\/wp-content\/uploads\/2014\/09\/TOMATILLO.jpg 1339w\" sizes=\"auto, (max-width: 725px) 100vw, 725px\" \/><\/a><\/figure>\n\n\n\n<figure class=\"wp-block-image size-large\"><a href=\"https:\/\/www.julienpinard.com\/wp-content\/uploads\/2014\/09\/4-dessins_4.jpg\"><img loading=\"lazy\" decoding=\"async\" width=\"724\" height=\"1024\" data-id=\"169\" src=\"https:\/\/www.julienpinard.com\/wp-content\/uploads\/2014\/09\/4-dessins_4-724x1024.jpg\" alt=\"\" class=\"wp-image-169\" srcset=\"https:\/\/www.julienpinard.com\/wp-content\/uploads\/2014\/09\/4-dessins_4-724x1024.jpg 724w, https:\/\/www.julienpinard.com\/wp-content\/uploads\/2014\/09\/4-dessins_4-212x300.jpg 212w, https:\/\/www.julienpinard.com\/wp-content\/uploads\/2014\/09\/4-dessins_4.jpg 1768w\" sizes=\"auto, (max-width: 724px) 100vw, 724px\" \/><\/a><\/figure>\n\n\n\n<figure class=\"wp-block-image size-large\"><a href=\"https:\/\/www.julienpinard.com\/wp-content\/uploads\/2014\/09\/6.jpg\"><img loading=\"lazy\" decoding=\"async\" width=\"1024\" height=\"768\" data-id=\"160\" src=\"https:\/\/www.julienpinard.com\/wp-content\/uploads\/2014\/09\/6-1024x768.jpg\" alt=\"\" class=\"wp-image-160\" srcset=\"https:\/\/www.julienpinard.com\/wp-content\/uploads\/2014\/09\/6-1024x768.jpg 1024w, https:\/\/www.julienpinard.com\/wp-content\/uploads\/2014\/09\/6-300x225.jpg 300w\" sizes=\"auto, (max-width: 706px) 89vw, (max-width: 767px) 82vw, 740px\" \/><\/a><\/figure>\n<\/figure>\n","protected":false},"excerpt":{"rendered":"<p>M\u00e9tis sur mer, Qu\u00e9bec, 2013. Dans le cadre du Festival de jardins de M\u00e9tis sur mer, nous avons con\u00e7u et r\u00e9alis\u00e9 une installation, \u00ab\u00a0Sacr\u00e9 potager\u00a0\u00bb, destin\u00e9e \u00e0 sensibiliser le public aux l\u00e9gumes oubli\u00e9s. Chaque visiteur pouvaient emporter avec lui un sachet de graines de ces l\u00e9gumes. Chaque reposoir est \u00e0 mi chemin entre oratoire et &hellip; <\/p>\n<p class=\"link-more\"><a href=\"https:\/\/www.julienpinard.com\/?page_id=1812\" class=\"more-link\">Continuer la lecture<span class=\"screen-reader-text\"> de &laquo;&nbsp;Festival international de jardins de Metis&nbsp;&raquo;<\/span><\/a><\/p>\n","protected":false},"author":1,"featured_media":0,"parent":0,"menu_order":0,"comment_status":"closed","ping_status":"closed","template":"","meta":{"footnotes":""},"class_list":["post-1812","page","type-page","status-publish","hentry"],"_links":{"self":[{"href":"https:\/\/www.julienpinard.com\/index.php?rest_route=\/wp\/v2\/pages\/1812","targetHints":{"allow":["GET"]}}],"collection":[{"href":"https:\/\/www.julienpinard.com\/index.php?rest_route=\/wp\/v2\/pages"}],"about":[{"href":"https:\/\/www.julienpinard.com\/index.php?rest_route=\/wp\/v2\/types\/page"}],"author":[{"embeddable":true,"href":"https:\/\/www.julienpinard.com\/index.php?rest_route=\/wp\/v2\/users\/1"}],"replies":[{"embeddable":true,"href":"https:\/\/www.julienpinard.com\/index.php?rest_route=%2Fwp%2Fv2%2Fcomments&post=1812"}],"version-history":[{"count":21,"href":"https:\/\/www.julienpinard.com\/index.php?rest_route=\/wp\/v2\/pages\/1812\/revisions"}],"predecessor-version":[{"id":2130,"href":"https:\/\/www.julienpinard.com\/index.php?rest_route=\/wp\/v2\/pages\/1812\/revisions\/2130"}],"wp:attachment":[{"href":"https:\/\/www.julienpinard.com\/index.php?rest_route=%2Fwp%2Fv2%2Fmedia&parent=1812"}],"curies":[{"name":"wp","href":"https:\/\/api.w.org\/{rel}","templated":true}]}}