{"id":1929,"date":"2025-08-20T14:11:52","date_gmt":"2025-08-20T13:11:52","guid":{"rendered":"https:\/\/www.julienpinard.com\/?page_id=1929"},"modified":"2025-09-02T10:55:37","modified_gmt":"2025-09-02T09:55:37","slug":"liens","status":"publish","type":"page","link":"https:\/\/www.julienpinard.com\/?page_id=1929","title":{"rendered":"Liens"},"content":{"rendered":"\n<p class=\"has-text-align-center\" style=\"line-height:1\">Je vous invite \u00e0 cliquer sur l&rsquo;image pour d\u00e9couvrir mon site d\u00e9di\u00e9 aux rendus d&rsquo;architecture.<\/p>\n\n\n\n<p class=\"has-text-align-center\" style=\"line-height:1\">Bonne visite !<\/p>\n\n\n<div class=\"wp-block-image is-style-default wp-duotone-unset-1\">\n<figure class=\"aligncenter size-full is-resized\"><a href=\"https:\/\/www.hatchhatch.fr\/?fwp_gallery=projets\" target=\"_blank\" rel=\" noreferrer noopener\"><img loading=\"lazy\" decoding=\"async\" width=\"2000\" height=\"388\" src=\"http:\/\/www.julienpinard.com\/wp-content\/uploads\/2025\/09\/LOGOTYPO_IMAGES_3.jpg\" alt=\"\" class=\"wp-image-2175\" style=\"width:350px\" srcset=\"https:\/\/www.julienpinard.com\/wp-content\/uploads\/2025\/09\/LOGOTYPO_IMAGES_3.jpg 2000w, https:\/\/www.julienpinard.com\/wp-content\/uploads\/2025\/09\/LOGOTYPO_IMAGES_3-300x58.jpg 300w, https:\/\/www.julienpinard.com\/wp-content\/uploads\/2025\/09\/LOGOTYPO_IMAGES_3-1024x199.jpg 1024w, https:\/\/www.julienpinard.com\/wp-content\/uploads\/2025\/09\/LOGOTYPO_IMAGES_3-768x149.jpg 768w, https:\/\/www.julienpinard.com\/wp-content\/uploads\/2025\/09\/LOGOTYPO_IMAGES_3-1536x298.jpg 1536w\" sizes=\"auto, (max-width: 706px) 89vw, (max-width: 767px) 82vw, 740px\" \/><\/a><\/figure><\/div>\n\n\n<div style=\"height:57px\" aria-hidden=\"true\" class=\"wp-block-spacer\"><\/div>\n\n\n\n<p class=\"has-text-align-center\">Sinon vous pouvez jeter un \u0153il \u00e0 mon profil Linkedin, ou t\u00e9l\u00e9charger mon CV<\/p>\n\n\n\n<p class=\"has-text-align-center\" style=\"line-height:1\"> bonne lecture !<\/p>\n\n\n\n<ul class=\"wp-block-social-links has-large-icon-size is-content-justification-center is-layout-flex wp-container-core-social-links-is-layout-16018d1d wp-block-social-links-is-layout-flex\"><li class=\"wp-social-link wp-social-link-linkedin  wp-block-social-link\"><a href=\"https:\/\/www.linkedin.com\/in\/julien-pinard-3511a81b7\" class=\"wp-block-social-link-anchor\"><svg width=\"24\" height=\"24\" viewBox=\"0 0 24 24\" version=\"1.1\" xmlns=\"http:\/\/www.w3.org\/2000\/svg\" aria-hidden=\"true\" focusable=\"false\"><path d=\"M19.7,3H4.3C3.582,3,3,3.582,3,4.3v15.4C3,20.418,3.582,21,4.3,21h15.4c0.718,0,1.3-0.582,1.3-1.3V4.3 C21,3.582,20.418,3,19.7,3z M8.339,18.338H5.667v-8.59h2.672V18.338z M7.004,8.574c-0.857,0-1.549-0.694-1.549-1.548 c0-0.855,0.691-1.548,1.549-1.548c0.854,0,1.547,0.694,1.547,1.548C8.551,7.881,7.858,8.574,7.004,8.574z M18.339,18.338h-2.669 v-4.177c0-0.996-0.017-2.278-1.387-2.278c-1.389,0-1.601,1.086-1.601,2.206v4.249h-2.667v-8.59h2.559v1.174h0.037 c0.356-0.675,1.227-1.387,2.526-1.387c2.703,0,3.203,1.779,3.203,4.092V18.338z\"><\/path><\/svg><span class=\"wp-block-social-link-label screen-reader-text\">LinkedIn<\/span><\/a><\/li><\/ul>\n\n\n\n<div class=\"wp-block-buttons is-content-justification-center is-layout-flex wp-container-core-buttons-is-layout-16018d1d wp-block-buttons-is-layout-flex\">\n<div class=\"wp-block-button\"><a class=\"wp-block-button__link has-vivid-green-cyan-background-color has-background wp-element-button\" href=\"http:\/\/www.julienpinard.com\/wp-content\/uploads\/2025\/09\/CV-Julien-pinard.pdf\" style=\"border-radius:100px\" target=\"_blank\" rel=\"noreferrer noopener\">T\u00e9l\u00e9charger mon cv<\/a><\/div>\n<\/div>\n","protected":false},"excerpt":{"rendered":"<p>Je vous invite \u00e0 cliquer sur l&rsquo;image pour d\u00e9couvrir mon site d\u00e9di\u00e9 aux rendus d&rsquo;architecture. Bonne visite ! Sinon vous pouvez jeter un \u0153il \u00e0 mon profil Linkedin, ou t\u00e9l\u00e9charger mon CV bonne lecture !<\/p>\n","protected":false},"author":1,"featured_media":0,"parent":0,"menu_order":0,"comment_status":"closed","ping_status":"closed","template":"","meta":{"footnotes":""},"class_list":["post-1929","page","type-page","status-publish","hentry"],"_links":{"self":[{"href":"https:\/\/www.julienpinard.com\/index.php?rest_route=\/wp\/v2\/pages\/1929","targetHints":{"allow":["GET"]}}],"collection":[{"href":"https:\/\/www.julienpinard.com\/index.php?rest_route=\/wp\/v2\/pages"}],"about":[{"href":"https:\/\/www.julienpinard.com\/index.php?rest_route=\/wp\/v2\/types\/page"}],"author":[{"embeddable":true,"href":"https:\/\/www.julienpinard.com\/index.php?rest_route=\/wp\/v2\/users\/1"}],"replies":[{"embeddable":true,"href":"https:\/\/www.julienpinard.com\/index.php?rest_route=%2Fwp%2Fv2%2Fcomments&post=1929"}],"version-history":[{"count":29,"href":"https:\/\/www.julienpinard.com\/index.php?rest_route=\/wp\/v2\/pages\/1929\/revisions"}],"predecessor-version":[{"id":2182,"href":"https:\/\/www.julienpinard.com\/index.php?rest_route=\/wp\/v2\/pages\/1929\/revisions\/2182"}],"wp:attachment":[{"href":"https:\/\/www.julienpinard.com\/index.php?rest_route=%2Fwp%2Fv2%2Fmedia&parent=1929"}],"curies":[{"name":"wp","href":"https:\/\/api.w.org\/{rel}","templated":true}]}}