{"id":2034,"date":"2025-08-21T19:56:40","date_gmt":"2025-08-21T18:56:40","guid":{"rendered":"https:\/\/www.julienpinard.com\/?page_id=2034"},"modified":"2025-08-27T10:03:05","modified_gmt":"2025-08-27T09:03:05","slug":"equiparc-2","status":"publish","type":"page","link":"https:\/\/www.julienpinard.com\/?page_id=2034","title":{"rendered":"Equiparc"},"content":{"rendered":"\n<p>Montr\u00e9al, 2014.<\/p>\n\n\n\n<p>Dans le cadre du Festival de Mode et Design de Montr\u00e9al, nous avons r\u00e9fl\u00e9chis \u00e0 la conception d&rsquo;un banc comme un v\u00e9ritable lieu de rencontre, modulable selon l&rsquo;inspiration de chacun. Nous avons int\u00e9gr\u00e9 un syst\u00e8me de sangles \u00aben cliquets\u00bb qui permettait la modularit\u00e9 du banc.<\/p>\n\n\n\n<p>A l\u2019image de la ville, une frise constitu\u00e9e de ses symboles est imprim\u00e9e sur le dessus du \u00ab\u00a0tapis\u00a0\u00bb de lattes.<\/p>\n\n\n\n<p>Notre projet a \u00e9t\u00e9 Laur\u00e9at du concours.<\/p>\n\n\n\n<figure class=\"wp-block-image size-large\"><a href=\"http:\/\/www.julienpinard.com\/wp-content\/uploads\/2014\/09\/BANC_PROCHE.jpg\"><img loading=\"lazy\" decoding=\"async\" width=\"1024\" height=\"631\" src=\"http:\/\/www.julienpinard.com\/wp-content\/uploads\/2014\/09\/BANC_PROCHE-1024x631.jpg\" alt=\"\" class=\"wp-image-181\" srcset=\"https:\/\/www.julienpinard.com\/wp-content\/uploads\/2014\/09\/BANC_PROCHE-1024x631.jpg 1024w, https:\/\/www.julienpinard.com\/wp-content\/uploads\/2014\/09\/BANC_PROCHE-300x185.jpg 300w, https:\/\/www.julienpinard.com\/wp-content\/uploads\/2014\/09\/BANC_PROCHE.jpg 1580w\" sizes=\"auto, (max-width: 706px) 89vw, (max-width: 767px) 82vw, 740px\" \/><\/a><\/figure>\n\n\n\n<figure class=\"wp-block-gallery has-nested-images columns-2 wp-block-gallery-1 is-layout-flex wp-block-gallery-is-layout-flex\">\n<figure class=\"wp-block-image size-large\"><a href=\"http:\/\/www.julienpinard.com\/wp-content\/uploads\/2025\/08\/TAPIS_COMPLET.jpg\"><img loading=\"lazy\" decoding=\"async\" width=\"562\" height=\"1024\" data-id=\"2047\" src=\"http:\/\/www.julienpinard.com\/wp-content\/uploads\/2025\/08\/TAPIS_COMPLET-562x1024.jpg\" alt=\"\" class=\"wp-image-2047\" srcset=\"https:\/\/www.julienpinard.com\/wp-content\/uploads\/2025\/08\/TAPIS_COMPLET-562x1024.jpg 562w, https:\/\/www.julienpinard.com\/wp-content\/uploads\/2025\/08\/TAPIS_COMPLET-165x300.jpg 165w, https:\/\/www.julienpinard.com\/wp-content\/uploads\/2025\/08\/TAPIS_COMPLET-768x1398.jpg 768w, https:\/\/www.julienpinard.com\/wp-content\/uploads\/2025\/08\/TAPIS_COMPLET-844x1536.jpg 844w, https:\/\/www.julienpinard.com\/wp-content\/uploads\/2025\/08\/TAPIS_COMPLET-1125x2048.jpg 1125w, https:\/\/www.julienpinard.com\/wp-content\/uploads\/2025\/08\/TAPIS_COMPLET.jpg 1328w\" sizes=\"auto, (max-width: 562px) 100vw, 562px\" \/><\/a><\/figure>\n\n\n\n<figure class=\"wp-block-image size-full\"><a href=\"http:\/\/www.julienpinard.com\/wp-content\/uploads\/2025\/08\/BASE_PATTERN.jpg\"><img loading=\"lazy\" decoding=\"async\" width=\"429\" height=\"429\" data-id=\"2045\" src=\"http:\/\/www.julienpinard.com\/wp-content\/uploads\/2025\/08\/BASE_PATTERN.jpg\" alt=\"\" class=\"wp-image-2045\" srcset=\"https:\/\/www.julienpinard.com\/wp-content\/uploads\/2025\/08\/BASE_PATTERN.jpg 429w, https:\/\/www.julienpinard.com\/wp-content\/uploads\/2025\/08\/BASE_PATTERN-300x300.jpg 300w, https:\/\/www.julienpinard.com\/wp-content\/uploads\/2025\/08\/BASE_PATTERN-150x150.jpg 150w, https:\/\/www.julienpinard.com\/wp-content\/uploads\/2025\/08\/BASE_PATTERN-100x100.jpg 100w\" sizes=\"auto, (max-width: 429px) 100vw, 429px\" \/><\/a><\/figure>\n<\/figure>\n\n\n\n<figure class=\"wp-block-image size-large\"><a href=\"http:\/\/www.julienpinard.com\/wp-content\/uploads\/2025\/08\/PLANCHE_MODIF-copie-scaled.jpg\"><img loading=\"lazy\" decoding=\"async\" width=\"1024\" height=\"751\" src=\"http:\/\/www.julienpinard.com\/wp-content\/uploads\/2025\/08\/PLANCHE_MODIF-copie-1024x751.jpg\" alt=\"\" class=\"wp-image-2048\" srcset=\"https:\/\/www.julienpinard.com\/wp-content\/uploads\/2025\/08\/PLANCHE_MODIF-copie-1024x751.jpg 1024w, https:\/\/www.julienpinard.com\/wp-content\/uploads\/2025\/08\/PLANCHE_MODIF-copie-300x220.jpg 300w, https:\/\/www.julienpinard.com\/wp-content\/uploads\/2025\/08\/PLANCHE_MODIF-copie-768x563.jpg 768w, https:\/\/www.julienpinard.com\/wp-content\/uploads\/2025\/08\/PLANCHE_MODIF-copie-1536x1127.jpg 1536w, https:\/\/www.julienpinard.com\/wp-content\/uploads\/2025\/08\/PLANCHE_MODIF-copie-2048x1503.jpg 2048w\" sizes=\"auto, (max-width: 706px) 89vw, (max-width: 767px) 82vw, 740px\" \/><\/a><\/figure>\n","protected":false},"excerpt":{"rendered":"<p>Montr\u00e9al, 2014. Dans le cadre du Festival de Mode et Design de Montr\u00e9al, nous avons r\u00e9fl\u00e9chis \u00e0 la conception d&rsquo;un banc comme un v\u00e9ritable lieu de rencontre, modulable selon l&rsquo;inspiration de chacun. Nous avons int\u00e9gr\u00e9 un syst\u00e8me de sangles \u00aben cliquets\u00bb qui permettait la modularit\u00e9 du banc. A l\u2019image de la ville, une frise constitu\u00e9e &hellip; <\/p>\n<p class=\"link-more\"><a href=\"https:\/\/www.julienpinard.com\/?page_id=2034\" class=\"more-link\">Continuer la lecture<span class=\"screen-reader-text\"> de &laquo;&nbsp;Equiparc&nbsp;&raquo;<\/span><\/a><\/p>\n","protected":false},"author":1,"featured_media":0,"parent":0,"menu_order":0,"comment_status":"closed","ping_status":"closed","template":"","meta":{"footnotes":""},"class_list":["post-2034","page","type-page","status-publish","hentry"],"_links":{"self":[{"href":"https:\/\/www.julienpinard.com\/index.php?rest_route=\/wp\/v2\/pages\/2034","targetHints":{"allow":["GET"]}}],"collection":[{"href":"https:\/\/www.julienpinard.com\/index.php?rest_route=\/wp\/v2\/pages"}],"about":[{"href":"https:\/\/www.julienpinard.com\/index.php?rest_route=\/wp\/v2\/types\/page"}],"author":[{"embeddable":true,"href":"https:\/\/www.julienpinard.com\/index.php?rest_route=\/wp\/v2\/users\/1"}],"replies":[{"embeddable":true,"href":"https:\/\/www.julienpinard.com\/index.php?rest_route=%2Fwp%2Fv2%2Fcomments&post=2034"}],"version-history":[{"count":9,"href":"https:\/\/www.julienpinard.com\/index.php?rest_route=\/wp\/v2\/pages\/2034\/revisions"}],"predecessor-version":[{"id":2138,"href":"https:\/\/www.julienpinard.com\/index.php?rest_route=\/wp\/v2\/pages\/2034\/revisions\/2138"}],"wp:attachment":[{"href":"https:\/\/www.julienpinard.com\/index.php?rest_route=%2Fwp%2Fv2%2Fmedia&parent=2034"}],"curies":[{"name":"wp","href":"https:\/\/api.w.org\/{rel}","templated":true}]}}