{"id":2145,"date":"2025-08-27T10:25:29","date_gmt":"2025-08-27T09:25:29","guid":{"rendered":"https:\/\/www.julienpinard.com\/?page_id=2145"},"modified":"2025-08-27T10:53:41","modified_gmt":"2025-08-27T09:53:41","slug":"creation-dimages-en-3d","status":"publish","type":"page","link":"https:\/\/www.julienpinard.com\/?page_id=2145","title":{"rendered":"Cr\u00e9ation d&rsquo;images en 3D"},"content":{"rendered":"\n<p>En cr\u00e9ant des images pour l&rsquo;architecture, j&rsquo;interviens au c\u0153ur du processus de cr\u00e9ation des b\u00e2timents, pour mettre en valeur la beaut\u00e9 de chaque projet et permettre aux diff\u00e9rents interlocuteurs de mieux se projeter.  <\/p>\n\n\n\n<p>Ci dessous, quelques images r\u00e9alis\u00e9es r\u00e9cemment. Pour en voir davantage, vous pouvez consulter <a href=\"https:\/\/www.hatchhatch.fr\/?fwp_gallery=projets\">ici<\/a> mon site qui y est d\u00e9di\u00e9.<\/p>\n\n\n\n<figure class=\"wp-block-image size-large\"><a href=\"http:\/\/www.julienpinard.com\/wp-content\/uploads\/2025\/08\/VUE1_FINALE_MAJ.jpg\"><img loading=\"lazy\" decoding=\"async\" width=\"1024\" height=\"422\" src=\"http:\/\/www.julienpinard.com\/wp-content\/uploads\/2025\/08\/VUE1_FINALE_MAJ-1024x422.jpg\" alt=\"\" class=\"wp-image-2151\" srcset=\"https:\/\/www.julienpinard.com\/wp-content\/uploads\/2025\/08\/VUE1_FINALE_MAJ-1024x422.jpg 1024w, https:\/\/www.julienpinard.com\/wp-content\/uploads\/2025\/08\/VUE1_FINALE_MAJ-300x124.jpg 300w, https:\/\/www.julienpinard.com\/wp-content\/uploads\/2025\/08\/VUE1_FINALE_MAJ-768x316.jpg 768w, https:\/\/www.julienpinard.com\/wp-content\/uploads\/2025\/08\/VUE1_FINALE_MAJ-1536x633.jpg 1536w, https:\/\/www.julienpinard.com\/wp-content\/uploads\/2025\/08\/VUE1_FINALE_MAJ-2048x844.jpg 2048w\" sizes=\"auto, (max-width: 706px) 89vw, (max-width: 767px) 82vw, 740px\" \/><\/a><figcaption class=\"wp-element-caption\">Image r\u00e9alis\u00e9e pour JCPCDR<\/figcaption><\/figure>\n\n\n\n<figure class=\"wp-block-image size-large\"><a href=\"http:\/\/www.julienpinard.com\/wp-content\/uploads\/2025\/08\/PHILEAS_OFB_VUE1_FINALE_V2.jpg\"><img loading=\"lazy\" decoding=\"async\" width=\"1024\" height=\"768\" src=\"http:\/\/www.julienpinard.com\/wp-content\/uploads\/2025\/08\/PHILEAS_OFB_VUE1_FINALE_V2-1024x768.jpg\" alt=\"\" class=\"wp-image-2152\" srcset=\"https:\/\/www.julienpinard.com\/wp-content\/uploads\/2025\/08\/PHILEAS_OFB_VUE1_FINALE_V2-1024x768.jpg 1024w, https:\/\/www.julienpinard.com\/wp-content\/uploads\/2025\/08\/PHILEAS_OFB_VUE1_FINALE_V2-300x225.jpg 300w, https:\/\/www.julienpinard.com\/wp-content\/uploads\/2025\/08\/PHILEAS_OFB_VUE1_FINALE_V2-768x576.jpg 768w, https:\/\/www.julienpinard.com\/wp-content\/uploads\/2025\/08\/PHILEAS_OFB_VUE1_FINALE_V2-1536x1152.jpg 1536w, https:\/\/www.julienpinard.com\/wp-content\/uploads\/2025\/08\/PHILEAS_OFB_VUE1_FINALE_V2-2048x1536.jpg 2048w\" sizes=\"auto, (max-width: 706px) 89vw, (max-width: 767px) 82vw, 740px\" \/><\/a><figcaption class=\"wp-element-caption\">Image r\u00e9alis\u00e9e pour PHILEAS<\/figcaption><\/figure>\n\n\n\n<figure class=\"wp-block-image size-large\"><a href=\"http:\/\/www.julienpinard.com\/wp-content\/uploads\/2025\/08\/A5_DUSK.jpg\"><img loading=\"lazy\" decoding=\"async\" width=\"768\" height=\"1024\" src=\"http:\/\/www.julienpinard.com\/wp-content\/uploads\/2025\/08\/A5_DUSK-768x1024.jpg\" alt=\"\" class=\"wp-image-2149\" srcset=\"https:\/\/www.julienpinard.com\/wp-content\/uploads\/2025\/08\/A5_DUSK-768x1024.jpg 768w, https:\/\/www.julienpinard.com\/wp-content\/uploads\/2025\/08\/A5_DUSK-225x300.jpg 225w, https:\/\/www.julienpinard.com\/wp-content\/uploads\/2025\/08\/A5_DUSK-1152x1536.jpg 1152w, https:\/\/www.julienpinard.com\/wp-content\/uploads\/2025\/08\/A5_DUSK-1536x2048.jpg 1536w, https:\/\/www.julienpinard.com\/wp-content\/uploads\/2025\/08\/A5_DUSK.jpg 1875w\" sizes=\"auto, (max-width: 706px) 89vw, (max-width: 767px) 82vw, 740px\" \/><\/a><figcaption class=\"wp-element-caption\">Image r\u00e9alis\u00e9e pour Archi5<\/figcaption><\/figure>\n","protected":false},"excerpt":{"rendered":"<p>En cr\u00e9ant des images pour l&rsquo;architecture, j&rsquo;interviens au c\u0153ur du processus de cr\u00e9ation des b\u00e2timents, pour mettre en valeur la beaut\u00e9 de chaque projet et permettre aux diff\u00e9rents interlocuteurs de mieux se projeter. Ci dessous, quelques images r\u00e9alis\u00e9es r\u00e9cemment. Pour en voir davantage, vous pouvez consulter ici mon site qui y est d\u00e9di\u00e9.<\/p>\n","protected":false},"author":1,"featured_media":0,"parent":0,"menu_order":0,"comment_status":"closed","ping_status":"closed","template":"","meta":{"footnotes":""},"class_list":["post-2145","page","type-page","status-publish","hentry"],"_links":{"self":[{"href":"https:\/\/www.julienpinard.com\/index.php?rest_route=\/wp\/v2\/pages\/2145","targetHints":{"allow":["GET"]}}],"collection":[{"href":"https:\/\/www.julienpinard.com\/index.php?rest_route=\/wp\/v2\/pages"}],"about":[{"href":"https:\/\/www.julienpinard.com\/index.php?rest_route=\/wp\/v2\/types\/page"}],"author":[{"embeddable":true,"href":"https:\/\/www.julienpinard.com\/index.php?rest_route=\/wp\/v2\/users\/1"}],"replies":[{"embeddable":true,"href":"https:\/\/www.julienpinard.com\/index.php?rest_route=%2Fwp%2Fv2%2Fcomments&post=2145"}],"version-history":[{"count":4,"href":"https:\/\/www.julienpinard.com\/index.php?rest_route=\/wp\/v2\/pages\/2145\/revisions"}],"predecessor-version":[{"id":2154,"href":"https:\/\/www.julienpinard.com\/index.php?rest_route=\/wp\/v2\/pages\/2145\/revisions\/2154"}],"wp:attachment":[{"href":"https:\/\/www.julienpinard.com\/index.php?rest_route=%2Fwp%2Fv2%2Fmedia&parent=2145"}],"curies":[{"name":"wp","href":"https:\/\/api.w.org\/{rel}","templated":true}]}}