{"id":857,"date":"2025-06-25T09:59:43","date_gmt":"2025-06-25T08:59:43","guid":{"rendered":"http:\/\/www.julienpinard.com\/?page_id=857"},"modified":"2025-08-27T09:17:12","modified_gmt":"2025-08-27T08:17:12","slug":"lampe-dodeca","status":"publish","type":"page","link":"https:\/\/www.julienpinard.com\/?page_id=857","title":{"rendered":"Lampe Dod\u00e9ca"},"content":{"rendered":"\n<p style=\"line-height:1.5\">La lampe Dod\u00e9ca est une lampe avec un processus de fabrication et une utilisation simples.<\/p>\n\n\n\n<p style=\"line-height:1.5\">Elle est constitu\u00e9e de tranches usin\u00e9es \u00e0 la commande num\u00e9rique, assembl\u00e9es par une tige filet\u00e9e.<\/p>\n\n\n\n<p style=\"line-height:1.5\">Grace \u00e0 l\u2019utilisation de bande de LEDS et l\u2019assemblage de tranches de bois, diff\u00e9rentes longueurs sont possibles.<\/p>\n\n\n\n<p style=\"line-height:1.5\">Sans interrupteur, il suffit de basculer la lampe pour l\u2019\u00e9teindre.<\/p>\n\n\n\n<p style=\"line-height:1.5\">En collaboration avec Romain Cl\u00e9ment, designer.<\/p>\n\n\n\n<figure class=\"wp-block-gallery has-nested-images columns-2 is-cropped wp-block-gallery-1 is-layout-flex wp-block-gallery-is-layout-flex\">\n<figure class=\"wp-block-image size-large\"><a href=\"https:\/\/www.julienpinard.com\/wp-content\/uploads\/2025\/06\/cropped-cropped-PR-PDF-2.jpg\"><img loading=\"lazy\" decoding=\"async\" width=\"1024\" height=\"1024\" data-id=\"1040\" src=\"https:\/\/www.julienpinard.com\/wp-content\/uploads\/2025\/06\/cropped-cropped-PR-PDF-2-1024x1024.jpg\" alt=\"\" class=\"wp-image-1040\" srcset=\"https:\/\/www.julienpinard.com\/wp-content\/uploads\/2025\/06\/cropped-cropped-PR-PDF-2-1024x1024.jpg 1024w, https:\/\/www.julienpinard.com\/wp-content\/uploads\/2025\/06\/cropped-cropped-PR-PDF-2-150x150.jpg 150w, https:\/\/www.julienpinard.com\/wp-content\/uploads\/2025\/06\/cropped-cropped-PR-PDF-2-300x300.jpg 300w, https:\/\/www.julienpinard.com\/wp-content\/uploads\/2025\/06\/cropped-cropped-PR-PDF-2-768x768.jpg 768w\" sizes=\"auto, (max-width: 706px) 89vw, (max-width: 767px) 82vw, 740px\" \/><\/a><\/figure>\n\n\n\n<figure class=\"wp-block-image size-large\"><a href=\"https:\/\/www.julienpinard.com\/wp-content\/uploads\/2025\/06\/cropped-4.jpg\"><img loading=\"lazy\" decoding=\"async\" width=\"1024\" height=\"1024\" data-id=\"1039\" src=\"https:\/\/www.julienpinard.com\/wp-content\/uploads\/2025\/06\/cropped-4-1024x1024.jpg\" alt=\"\" class=\"wp-image-1039\" srcset=\"https:\/\/www.julienpinard.com\/wp-content\/uploads\/2025\/06\/cropped-4-1024x1024.jpg 1024w, https:\/\/www.julienpinard.com\/wp-content\/uploads\/2025\/06\/cropped-4-150x150.jpg 150w, https:\/\/www.julienpinard.com\/wp-content\/uploads\/2025\/06\/cropped-4-300x300.jpg 300w, https:\/\/www.julienpinard.com\/wp-content\/uploads\/2025\/06\/cropped-4-768x768.jpg 768w, https:\/\/www.julienpinard.com\/wp-content\/uploads\/2025\/06\/cropped-4.jpg 2000w\" sizes=\"auto, (max-width: 706px) 89vw, (max-width: 767px) 82vw, 740px\" \/><\/a><\/figure>\n\n\n\n<figure class=\"wp-block-image size-large\"><a href=\"https:\/\/www.julienpinard.com\/wp-content\/uploads\/2025\/06\/P6064937.jpg\"><img loading=\"lazy\" decoding=\"async\" width=\"1024\" height=\"689\" data-id=\"1105\" src=\"https:\/\/www.julienpinard.com\/wp-content\/uploads\/2025\/06\/P6064937-1024x689.jpg\" alt=\"\" class=\"wp-image-1105\" srcset=\"https:\/\/www.julienpinard.com\/wp-content\/uploads\/2025\/06\/P6064937-1024x689.jpg 1024w, https:\/\/www.julienpinard.com\/wp-content\/uploads\/2025\/06\/P6064937-300x202.jpg 300w, https:\/\/www.julienpinard.com\/wp-content\/uploads\/2025\/06\/P6064937-768x517.jpg 768w\" sizes=\"auto, (max-width: 706px) 89vw, (max-width: 767px) 82vw, 740px\" \/><\/a><\/figure>\n\n\n\n<figure class=\"wp-block-image size-large\"><a href=\"https:\/\/www.julienpinard.com\/wp-content\/uploads\/2025\/06\/cropped-6.jpg\"><img loading=\"lazy\" decoding=\"async\" width=\"1024\" height=\"1024\" data-id=\"1042\" src=\"https:\/\/www.julienpinard.com\/wp-content\/uploads\/2025\/06\/cropped-6-1024x1024.jpg\" alt=\"\" class=\"wp-image-1042\" srcset=\"https:\/\/www.julienpinard.com\/wp-content\/uploads\/2025\/06\/cropped-6-1024x1024.jpg 1024w, https:\/\/www.julienpinard.com\/wp-content\/uploads\/2025\/06\/cropped-6-150x150.jpg 150w, https:\/\/www.julienpinard.com\/wp-content\/uploads\/2025\/06\/cropped-6-300x300.jpg 300w, https:\/\/www.julienpinard.com\/wp-content\/uploads\/2025\/06\/cropped-6-768x768.jpg 768w, https:\/\/www.julienpinard.com\/wp-content\/uploads\/2025\/06\/cropped-6.jpg 1063w\" sizes=\"auto, (max-width: 706px) 89vw, (max-width: 767px) 82vw, 740px\" \/><\/a><\/figure>\n\n\n\n<figure class=\"wp-block-image size-large\"><a href=\"https:\/\/www.julienpinard.com\/wp-content\/uploads\/2025\/06\/cropped-PR-PDF-1.jpg\"><img loading=\"lazy\" decoding=\"async\" width=\"1024\" height=\"1024\" data-id=\"1041\" src=\"https:\/\/www.julienpinard.com\/wp-content\/uploads\/2025\/06\/cropped-PR-PDF-1-1024x1024.jpg\" alt=\"\" class=\"wp-image-1041\" srcset=\"https:\/\/www.julienpinard.com\/wp-content\/uploads\/2025\/06\/cropped-PR-PDF-1-1024x1024.jpg 1024w, https:\/\/www.julienpinard.com\/wp-content\/uploads\/2025\/06\/cropped-PR-PDF-1-150x150.jpg 150w, https:\/\/www.julienpinard.com\/wp-content\/uploads\/2025\/06\/cropped-PR-PDF-1-300x300.jpg 300w, https:\/\/www.julienpinard.com\/wp-content\/uploads\/2025\/06\/cropped-PR-PDF-1-768x769.jpg 768w\" sizes=\"auto, (max-width: 706px) 89vw, (max-width: 767px) 82vw, 740px\" \/><\/a><\/figure>\n<\/figure>\n\n\n\n<figure class=\"wp-block-gallery has-nested-images columns-1 is-cropped wp-block-gallery-2 is-layout-flex wp-block-gallery-is-layout-flex\">\n<figure class=\"wp-block-image size-large\"><a href=\"https:\/\/www.julienpinard.com\/wp-content\/uploads\/2025\/08\/P6064976.jpg\"><img loading=\"lazy\" decoding=\"async\" width=\"683\" height=\"1024\" data-id=\"2095\" src=\"https:\/\/www.julienpinard.com\/wp-content\/uploads\/2025\/08\/P6064976-683x1024.jpg\" alt=\"\" class=\"wp-image-2095\" srcset=\"https:\/\/www.julienpinard.com\/wp-content\/uploads\/2025\/08\/P6064976-683x1024.jpg 683w, https:\/\/www.julienpinard.com\/wp-content\/uploads\/2025\/08\/P6064976-200x300.jpg 200w, https:\/\/www.julienpinard.com\/wp-content\/uploads\/2025\/08\/P6064976-768x1152.jpg 768w, https:\/\/www.julienpinard.com\/wp-content\/uploads\/2025\/08\/P6064976-1024x1536.jpg 1024w, https:\/\/www.julienpinard.com\/wp-content\/uploads\/2025\/08\/P6064976.jpg 1344w\" sizes=\"auto, (max-width: 683px) 100vw, 683px\" \/><\/a><\/figure>\n\n\n\n<figure class=\"wp-block-image size-large\"><a href=\"https:\/\/www.julienpinard.com\/wp-content\/uploads\/2025\/08\/MONTAGE-scaled.jpg\"><img loading=\"lazy\" decoding=\"async\" width=\"1024\" height=\"447\" data-id=\"2077\" src=\"https:\/\/www.julienpinard.com\/wp-content\/uploads\/2025\/08\/MONTAGE-1024x447.jpg\" alt=\"\" class=\"wp-image-2077\" srcset=\"https:\/\/www.julienpinard.com\/wp-content\/uploads\/2025\/08\/MONTAGE-1024x447.jpg 1024w, https:\/\/www.julienpinard.com\/wp-content\/uploads\/2025\/08\/MONTAGE-300x131.jpg 300w, https:\/\/www.julienpinard.com\/wp-content\/uploads\/2025\/08\/MONTAGE-768x335.jpg 768w, https:\/\/www.julienpinard.com\/wp-content\/uploads\/2025\/08\/MONTAGE-1536x670.jpg 1536w, https:\/\/www.julienpinard.com\/wp-content\/uploads\/2025\/08\/MONTAGE-2048x894.jpg 2048w\" sizes=\"auto, (max-width: 706px) 89vw, (max-width: 767px) 82vw, 740px\" \/><\/a><\/figure>\n<\/figure>\n","protected":false},"excerpt":{"rendered":"<p>La lampe Dod\u00e9ca est une lampe avec un processus de fabrication et une utilisation simples. Elle est constitu\u00e9e de tranches usin\u00e9es \u00e0 la commande num\u00e9rique, assembl\u00e9es par une tige filet\u00e9e. Grace \u00e0 l\u2019utilisation de bande de LEDS et l\u2019assemblage de tranches de bois, diff\u00e9rentes longueurs sont possibles. Sans interrupteur, il suffit de basculer la lampe &hellip; <\/p>\n<p class=\"link-more\"><a href=\"https:\/\/www.julienpinard.com\/?page_id=857\" class=\"more-link\">Continuer la lecture<span class=\"screen-reader-text\"> de &laquo;&nbsp;Lampe Dod\u00e9ca&nbsp;&raquo;<\/span><\/a><\/p>\n","protected":false},"author":1,"featured_media":0,"parent":0,"menu_order":0,"comment_status":"closed","ping_status":"closed","template":"page-templates\/full-width-page.php","meta":{"footnotes":""},"class_list":["post-857","page","type-page","status-publish","hentry"],"_links":{"self":[{"href":"https:\/\/www.julienpinard.com\/index.php?rest_route=\/wp\/v2\/pages\/857","targetHints":{"allow":["GET"]}}],"collection":[{"href":"https:\/\/www.julienpinard.com\/index.php?rest_route=\/wp\/v2\/pages"}],"about":[{"href":"https:\/\/www.julienpinard.com\/index.php?rest_route=\/wp\/v2\/types\/page"}],"author":[{"embeddable":true,"href":"https:\/\/www.julienpinard.com\/index.php?rest_route=\/wp\/v2\/users\/1"}],"replies":[{"embeddable":true,"href":"https:\/\/www.julienpinard.com\/index.php?rest_route=%2Fwp%2Fv2%2Fcomments&post=857"}],"version-history":[{"count":35,"href":"https:\/\/www.julienpinard.com\/index.php?rest_route=\/wp\/v2\/pages\/857\/revisions"}],"predecessor-version":[{"id":2127,"href":"https:\/\/www.julienpinard.com\/index.php?rest_route=\/wp\/v2\/pages\/857\/revisions\/2127"}],"wp:attachment":[{"href":"https:\/\/www.julienpinard.com\/index.php?rest_route=%2Fwp%2Fv2%2Fmedia&parent=857"}],"curies":[{"name":"wp","href":"https:\/\/api.w.org\/{rel}","templated":true}]}}