{"id":938,"date":"2025-06-25T11:27:42","date_gmt":"2025-06-25T10:27:42","guid":{"rendered":"http:\/\/www.julienpinard.com\/?page_id=938"},"modified":"2025-08-27T11:03:34","modified_gmt":"2025-08-27T10:03:34","slug":"a-propos","status":"publish","type":"page","link":"https:\/\/www.julienpinard.com\/?page_id=938","title":{"rendered":"Pr\u00e9sentation"},"content":{"rendered":"\n<p>Passionn\u00e9 de design et d\u2019architecture, j\u2019ai d\u00e9velopp\u00e9 le sens du d\u00e9tail dans de nombreuses r\u00e9alisations manuelles, comme dans des projets num\u00e9riques pointus.<\/p>\n\n\n\n<p>Il me tient autant \u00e0 c\u0153ur de concevoir un objet, de travailler la mati\u00e8re, de r\u00e9aliser des installations avec un cahier des charges exigeant, que de mettre en sc\u00e8ne des projets architecturaux importants en 3D.<\/p>\n\n\n\n<p>J&rsquo;accorde une attention toute particuli\u00e8re \u00e0 la dimension esth\u00e9tique de chaque r\u00e9alisation.<\/p>\n\n\n\n<figure class=\"wp-block-image size-large\"><a href=\"http:\/\/www.julienpinard.com\/wp-content\/uploads\/2025\/08\/FAV2015_WAM-1-scaled.jpg\"><img loading=\"lazy\" decoding=\"async\" width=\"1024\" height=\"683\" src=\"http:\/\/www.julienpinard.com\/wp-content\/uploads\/2025\/08\/FAV2015_WAM-1-1024x683.jpg\" alt=\"\" class=\"wp-image-2060\" srcset=\"https:\/\/www.julienpinard.com\/wp-content\/uploads\/2025\/08\/FAV2015_WAM-1-1024x683.jpg 1024w, https:\/\/www.julienpinard.com\/wp-content\/uploads\/2025\/08\/FAV2015_WAM-1-300x200.jpg 300w, https:\/\/www.julienpinard.com\/wp-content\/uploads\/2025\/08\/FAV2015_WAM-1-768x512.jpg 768w, https:\/\/www.julienpinard.com\/wp-content\/uploads\/2025\/08\/FAV2015_WAM-1-1536x1024.jpg 1536w, https:\/\/www.julienpinard.com\/wp-content\/uploads\/2025\/08\/FAV2015_WAM-1-2048x1365.jpg 2048w\" sizes=\"auto, (max-width: 706px) 89vw, (max-width: 767px) 82vw, 740px\" \/><\/a><\/figure>\n","protected":false},"excerpt":{"rendered":"<p>Passionn\u00e9 de design et d\u2019architecture, j\u2019ai d\u00e9velopp\u00e9 le sens du d\u00e9tail dans de nombreuses r\u00e9alisations manuelles, comme dans des projets num\u00e9riques pointus. Il me tient autant \u00e0 c\u0153ur de concevoir un objet, de travailler la mati\u00e8re, de r\u00e9aliser des installations avec un cahier des charges exigeant, que de mettre en sc\u00e8ne des projets architecturaux importants &hellip; <\/p>\n<p class=\"link-more\"><a href=\"https:\/\/www.julienpinard.com\/?page_id=938\" class=\"more-link\">Continuer la lecture<span class=\"screen-reader-text\"> de &laquo;&nbsp;Pr\u00e9sentation&nbsp;&raquo;<\/span><\/a><\/p>\n","protected":false},"author":1,"featured_media":0,"parent":0,"menu_order":0,"comment_status":"closed","ping_status":"closed","template":"","meta":{"footnotes":""},"class_list":["post-938","page","type-page","status-publish","hentry"],"_links":{"self":[{"href":"https:\/\/www.julienpinard.com\/index.php?rest_route=\/wp\/v2\/pages\/938","targetHints":{"allow":["GET"]}}],"collection":[{"href":"https:\/\/www.julienpinard.com\/index.php?rest_route=\/wp\/v2\/pages"}],"about":[{"href":"https:\/\/www.julienpinard.com\/index.php?rest_route=\/wp\/v2\/types\/page"}],"author":[{"embeddable":true,"href":"https:\/\/www.julienpinard.com\/index.php?rest_route=\/wp\/v2\/users\/1"}],"replies":[{"embeddable":true,"href":"https:\/\/www.julienpinard.com\/index.php?rest_route=%2Fwp%2Fv2%2Fcomments&post=938"}],"version-history":[{"count":29,"href":"https:\/\/www.julienpinard.com\/index.php?rest_route=\/wp\/v2\/pages\/938\/revisions"}],"predecessor-version":[{"id":2161,"href":"https:\/\/www.julienpinard.com\/index.php?rest_route=\/wp\/v2\/pages\/938\/revisions\/2161"}],"wp:attachment":[{"href":"https:\/\/www.julienpinard.com\/index.php?rest_route=%2Fwp%2Fv2%2Fmedia&parent=938"}],"curies":[{"name":"wp","href":"https:\/\/api.w.org\/{rel}","templated":true}]}}